{"id":2319,"date":"2020-09-09T22:24:59","date_gmt":"2020-09-09T20:24:59","guid":{"rendered":"https:\/\/institutoalmenara.org\/portada\/?page_id=2319"},"modified":"2020-09-09T22:25:18","modified_gmt":"2020-09-09T20:25:18","slug":"resena-biografica-de-miguel-lopez-morales","status":"publish","type":"page","link":"https:\/\/institutoalmenara.org\/portada\/resena-biografica-de-miguel-lopez-morales\/","title":{"rendered":"Rese\u00f1a biogr\u00e1fica de Miguel L\u00f3pez Morales."},"content":{"rendered":"<p class=\"western\" align=\"center\"><span style=\"color: #222222;\"><span style=\"font-family: Times New Roman, serif;\"><span style=\"font-size: medium;\"><b>MIGUEL L\u00d3PEZ MORALES<\/b><\/span><\/span><\/span><\/p>\n<p class=\"western\" align=\"center\"><span style=\"color: #222222;\"><span style=\"font-family: Times New Roman, serif;\"><span style=\"font-size: medium;\"><b>Fot\u00f3grafo<\/b><\/span><\/span><\/span><\/p>\n<figure id=\"attachment_2292\" aria-describedby=\"caption-attachment-2292\" style=\"width: 577px\" class=\"wp-caption aligncenter\"><img loading=\"lazy\" decoding=\"async\" class=\"size-large wp-image-2292\" src=\"https:\/\/institutoalmenara.org\/portada\/wp-content\/uploads\/2020\/04\/MIGUEL-LOPEZ-MORALES.-FOTOGRAFO-577x1024.png\" alt=\"Galer\u00eda de fotos de Miguel L\u00f3pez Morales\" width=\"577\" height=\"1024\" srcset=\"https:\/\/institutoalmenara.org\/portada\/wp-content\/uploads\/2020\/04\/MIGUEL-LOPEZ-MORALES.-FOTOGRAFO-577x1024.png 577w, https:\/\/institutoalmenara.org\/portada\/wp-content\/uploads\/2020\/04\/MIGUEL-LOPEZ-MORALES.-FOTOGRAFO-225x400.png 225w, https:\/\/institutoalmenara.org\/portada\/wp-content\/uploads\/2020\/04\/MIGUEL-LOPEZ-MORALES.-FOTOGRAFO-169x300.png 169w, https:\/\/institutoalmenara.org\/portada\/wp-content\/uploads\/2020\/04\/MIGUEL-LOPEZ-MORALES.-FOTOGRAFO.png 640w\" sizes=\"auto, (max-width: 577px) 100vw, 577px\" \/><figcaption id=\"caption-attachment-2292\" class=\"wp-caption-text\"><strong>Galer\u00eda de fotos de <em>Miguel L\u00f3pez Morales.<\/em><\/strong><\/figcaption><\/figure>\n<p class=\"western\" align=\"justify\">\u2006 \u2006 \u2006 <span style=\"font-family: Times New Roman, serif;\"><span style=\"font-size: medium;\">Nace en\u00a0Martos (Ja\u00e9n). Muy pronto comenz\u00f3 a interesarse por la fotograf\u00eda de la historia natural, que abordaba como si se tratase de un cuaderno de campo con el que registrar sus observaciones.\u00a0<\/span><\/span><\/p>\n<p class=\"western\" align=\"justify\">\u2006 \u2006 \u2006 <span style=\"font-family: Times New Roman, serif;\"><span style=\"font-size: medium;\">M\u00e1s tarde, cuando comenz\u00f3 a trabajar\u00a0como colaborador gr\u00e1fico\u00a0de la revista FARO 2000, se le despert\u00f3 el inter\u00e9s\u00a0por la antropolog\u00eda\u00a0y\u00a0 todo lo relacionado con la actividad humana: el arte, la arquitectura, los viajes, la artesan\u00eda, etc.<\/span><\/span><\/p>\n<p class=\"western\" align=\"justify\">\u2006 \u2006 \u2006 <span style=\"font-family: Times New Roman, serif;\"><span style=\"font-size: medium;\">Para perfeccionar sus conocimientos estudia fotograf\u00eda en la Escuela de Arte Jos\u00e9 Nogu\u00e9\u00a0de Ja\u00e9n, que fue para\u00a0\u00e9l una experiencia muy enriquecedora.<\/span><\/span><\/p>\n<p class=\"western\" align=\"justify\">\u2006 \u2006 \u2006 <span style=\"font-family: Times New Roman, serif;\"><span style=\"font-size: medium;\">En la actualidad sigue trabajando en distintos proyectos como el Lince Ib\u00e9rico y las fuentes del r\u00edo Guadalquivir. Colabora tambi\u00e9n gr\u00e1ficamente con distintos proyectos del Instituto Almenara para el progreso y el desarrollo de Andaluc\u00eda.<\/span><\/span><\/p>\n<h3 style=\"text-align: center;\" align=\"justify\"><a href=\"https:\/\/institutoalmenara.org\/portada\/galeria-de-fotos-de-miguel-lopez-morales\/\">Galer\u00eda de fotos del autor<\/a><\/h3>\n","protected":false},"excerpt":{"rendered":"<p>MIGUEL L\u00d3PEZ MORALES Fot\u00f3grafo \u2006 \u2006 \u2006 Nace en\u00a0Martos (Ja\u00e9n). Muy pronto comenz\u00f3 a interesarse por la fotograf\u00eda de la historia natural, que abordaba como si se tratase de un cuaderno de campo con el que registrar sus observaciones.\u00a0 \u2006 \u2006 \u2006 M\u00e1s tarde, cuando comenz\u00f3 a trabajar\u00a0como colaborador gr\u00e1fico\u00a0de la revista FARO 2000, se [&hellip;]<\/p>\n","protected":false},"author":1,"featured_media":2292,"parent":0,"menu_order":0,"comment_status":"closed","ping_status":"closed","template":"","meta":{"_uag_custom_page_level_css":"","cybocfi_hide_featured_image":"yes","footnotes":""},"class_list":["post-2319","page","type-page","status-publish","has-post-thumbnail","hentry"],"uagb_featured_image_src":{"full":["https:\/\/institutoalmenara.org\/portada\/wp-content\/uploads\/2020\/04\/MIGUEL-LOPEZ-MORALES.-FOTOGRAFO.png",640,1136,false],"thumbnail":["https:\/\/institutoalmenara.org\/portada\/wp-content\/uploads\/2020\/04\/MIGUEL-LOPEZ-MORALES.-FOTOGRAFO-150x150.png",150,150,true],"medium":["https:\/\/institutoalmenara.org\/portada\/wp-content\/uploads\/2020\/04\/MIGUEL-LOPEZ-MORALES.-FOTOGRAFO-225x400.png",225,400,true],"medium_large":["https:\/\/institutoalmenara.org\/portada\/wp-content\/uploads\/2020\/04\/MIGUEL-LOPEZ-MORALES.-FOTOGRAFO.png",640,1136,false],"large":["https:\/\/institutoalmenara.org\/portada\/wp-content\/uploads\/2020\/04\/MIGUEL-LOPEZ-MORALES.-FOTOGRAFO-577x1024.png",577,1024,true],"maxgallery-meta-image-thumb-small":["https:\/\/institutoalmenara.org\/portada\/wp-content\/uploads\/2020\/04\/MIGUEL-LOPEZ-MORALES.-FOTOGRAFO-100x100.png",100,100,true],"maxgallery-meta-image-thumb-medium":["https:\/\/institutoalmenara.org\/portada\/wp-content\/uploads\/2020\/04\/MIGUEL-LOPEZ-MORALES.-FOTOGRAFO-150x150.png",150,150,true],"maxgallery-meta-image-thumb-large":["https:\/\/institutoalmenara.org\/portada\/wp-content\/uploads\/2020\/04\/MIGUEL-LOPEZ-MORALES.-FOTOGRAFO-200x200.png",200,200,true],"maxgallery-meta-video-thumb-small":["https:\/\/institutoalmenara.org\/portada\/wp-content\/uploads\/2020\/04\/MIGUEL-LOPEZ-MORALES.-FOTOGRAFO-150x100.png",150,100,true],"maxgallery-meta-video-thumb-medium":["https:\/\/institutoalmenara.org\/portada\/wp-content\/uploads\/2020\/04\/MIGUEL-LOPEZ-MORALES.-FOTOGRAFO-200x133.png",200,133,true],"maxgallery-meta-video-thumb-large":["https:\/\/institutoalmenara.org\/portada\/wp-content\/uploads\/2020\/04\/MIGUEL-LOPEZ-MORALES.-FOTOGRAFO-250x166.png",250,166,true],"1536x1536":["https:\/\/institutoalmenara.org\/portada\/wp-content\/uploads\/2020\/04\/MIGUEL-LOPEZ-MORALES.-FOTOGRAFO.png",640,1136,false],"2048x2048":["https:\/\/institutoalmenara.org\/portada\/wp-content\/uploads\/2020\/04\/MIGUEL-LOPEZ-MORALES.-FOTOGRAFO.png",640,1136,false],"post-thumbnail":["https:\/\/institutoalmenara.org\/portada\/wp-content\/uploads\/2020\/04\/MIGUEL-LOPEZ-MORALES.-FOTOGRAFO-169x300.png",169,300,true]},"uagb_author_info":{"display_name":"Instituto Almenara","author_link":"https:\/\/institutoalmenara.org\/portada\/author\/instituto-almenara\/"},"uagb_comment_info":0,"uagb_excerpt":"MIGUEL L\u00d3PEZ MORALES Fot\u00f3grafo \u2006 \u2006 \u2006 Nace en\u00a0Martos (Ja\u00e9n). Muy pronto comenz\u00f3 a interesarse por la fotograf\u00eda de la historia natural, que abordaba como si se tratase de un cuaderno de campo con el que registrar sus observaciones.\u00a0 \u2006 \u2006 \u2006 M\u00e1s tarde, cuando comenz\u00f3 a trabajar\u00a0como colaborador gr\u00e1fico\u00a0de la revista FARO 2000, se&hellip;","_links":{"self":[{"href":"https:\/\/institutoalmenara.org\/portada\/wp-json\/wp\/v2\/pages\/2319","targetHints":{"allow":["GET"]}}],"collection":[{"href":"https:\/\/institutoalmenara.org\/portada\/wp-json\/wp\/v2\/pages"}],"about":[{"href":"https:\/\/institutoalmenara.org\/portada\/wp-json\/wp\/v2\/types\/page"}],"author":[{"embeddable":true,"href":"https:\/\/institutoalmenara.org\/portada\/wp-json\/wp\/v2\/users\/1"}],"replies":[{"embeddable":true,"href":"https:\/\/institutoalmenara.org\/portada\/wp-json\/wp\/v2\/comments?post=2319"}],"version-history":[{"count":2,"href":"https:\/\/institutoalmenara.org\/portada\/wp-json\/wp\/v2\/pages\/2319\/revisions"}],"predecessor-version":[{"id":2322,"href":"https:\/\/institutoalmenara.org\/portada\/wp-json\/wp\/v2\/pages\/2319\/revisions\/2322"}],"wp:featuredmedia":[{"embeddable":true,"href":"https:\/\/institutoalmenara.org\/portada\/wp-json\/wp\/v2\/media\/2292"}],"wp:attachment":[{"href":"https:\/\/institutoalmenara.org\/portada\/wp-json\/wp\/v2\/media?parent=2319"}],"curies":[{"name":"wp","href":"https:\/\/api.w.org\/{rel}","templated":true}]}}