{"id":2315,"date":"2020-09-09T22:19:20","date_gmt":"2020-09-09T20:19:20","guid":{"rendered":"https:\/\/institutoalmenara.org\/portada\/?page_id=2315"},"modified":"2020-09-09T22:25:47","modified_gmt":"2020-09-09T20:25:47","slug":"galeria-de-fotos-de-miguel-lopez-morales","status":"publish","type":"page","link":"https:\/\/institutoalmenara.org\/portada\/galeria-de-fotos-de-miguel-lopez-morales\/","title":{"rendered":"Galer\u00eda de fotos de Miguel L\u00f3pez Morales."},"content":{"rendered":"<p style=\"text-align: center;\"><div id=\"maxgallery-2303\" class=\"mg-image-tiles borderless\"><p class=\"mg-description\"><strong>Galer\u00eda de fotos de <em>Miguel L\u00f3pez Morales.<\/em><\/strong>\r\n<\/p>\t<div class=\"mg-thumbs mg-threecol\">\t\t<ul><li>\t<a class='lightbox-2303' href='https:\/\/institutoalmenara.org\/portada\/wp-content\/uploads\/2020\/04\/MIGUEL-LOPEZ-MORALES.-FOTOGRAFO.png'  title='Galer&iacute;a de fotos de Miguel L&oacute;pez Morales.\n' aria-haspopup='dialog' data-lightbox-gallery='gallery-2303' >\t\t<div class=\"\"><img loading=\"lazy\" decoding=\"async\" class=\"\" src=\"https:\/\/institutoalmenara.org\/portada\/wp-content\/uploads\/2020\/04\/MIGUEL-LOPEZ-MORALES.-FOTOGRAFO-400x400.png\" width=\"400\" height=\"400\" alt=\"Galer\u00eda de fotos de Miguel L\u00f3pez Morales\" title=\"Galer&iacute;a de fotos de Miguel L&oacute;pez Morales\" \/>\t\t<div class=\"caption-bottom-container\">\t\t\t<p class=\"caption bottom\"><strong>Galer&iacute;a de fotos de <em>Miguel L&oacute;pez Morales.<\/em><\/strong>\n<\/p>\t\t<\/div>\t\t<\/div>\t<\/a><\/li><li>\t<a class='lightbox-2303' href='https:\/\/institutoalmenara.org\/portada\/wp-content\/uploads\/2020\/09\/TORREON-ANDALUSI-JUNTO-A-LAS-PRENAS-DE-CASTRO.-JAEN1-scaled-1.jpg'  title='TORRE&Oacute;N ANDALUS&Iacute; JUNTO A LAS PE&Ntilde;AS DE CASTRO. JA&Eacute;N.' aria-haspopup='dialog' data-lightbox-gallery='gallery-2303' >\t\t<div class=\"\"><img loading=\"lazy\" decoding=\"async\" class=\"\" src=\"https:\/\/institutoalmenara.org\/portada\/wp-content\/uploads\/2020\/09\/TORREON-ANDALUSI-JUNTO-A-LAS-PRENAS-DE-CASTRO.-JAEN1-scaled-1-400x400.jpg\" width=\"400\" height=\"400\" alt=\"TORRE\u00d3N ANDALUS\u00cd JUNTO A LAS PE\u00d1AS DE CASTRO. JA\u00c9N.\" title=\"TORRE&Oacute;N ANDALUS&Iacute; JUNTO A LAS PE&Ntilde;AS DE CASTRO. JA&Eacute;N.\" \/>\t\t<div class=\"caption-bottom-container\">\t\t\t<p class=\"caption bottom\">TORRE&Oacute;N ANDALUS&Iacute; JUNTO A LAS PE&Ntilde;AS DE CASTRO. JA&Eacute;N.<\/p>\t\t<\/div>\t\t<\/div>\t<\/a><\/li><li>\t<a class='lightbox-2303' href='https:\/\/institutoalmenara.org\/portada\/wp-content\/uploads\/2020\/09\/SOLEDAD-EN-UNA-PLAYA-ANDALUZA1-scaled-1.jpg'  title='SOLEDAD EN UNA PLAYA ANDALUZA.' aria-haspopup='dialog' data-lightbox-gallery='gallery-2303' >\t\t<div class=\"\"><img loading=\"lazy\" decoding=\"async\" class=\"\" src=\"https:\/\/institutoalmenara.org\/portada\/wp-content\/uploads\/2020\/09\/SOLEDAD-EN-UNA-PLAYA-ANDALUZA1-scaled-1-400x400.jpg\" width=\"400\" height=\"400\" alt=\"SOLEDAD EN UNA PLAYA ANDALUZA.\" title=\"SOLEDAD EN UNA PLAYA ANDALUZA.\" \/>\t\t<div class=\"caption-bottom-container\">\t\t\t<p class=\"caption bottom\">SOLEDAD EN UNA PLAYA ANDALUZA.<\/p>\t\t<\/div>\t\t<\/div>\t<\/a><\/li><li>\t<a class='lightbox-2303' href='https:\/\/institutoalmenara.org\/portada\/wp-content\/uploads\/2020\/09\/NINAS-CELEBRANDO-LA-COMUNION-scaled-1.jpg'  title='NI&Ntilde;AS CELEBRANDO LA COMUNI&Oacute;N.' aria-haspopup='dialog' data-lightbox-gallery='gallery-2303' >\t\t<div class=\"\"><img loading=\"lazy\" decoding=\"async\" class=\"\" src=\"https:\/\/institutoalmenara.org\/portada\/wp-content\/uploads\/2020\/09\/NINAS-CELEBRANDO-LA-COMUNION-scaled-1-400x400.jpg\" width=\"400\" height=\"400\" alt=\"NI\u00d1AS CELEBRANDO LA COMUNI\u00d3N.\" title=\"NI&Ntilde;AS CELEBRANDO LA COMUNI&Oacute;N.\" \/>\t\t<div class=\"caption-bottom-container\">\t\t\t<p class=\"caption bottom\">NI&Ntilde;AS CELEBRANDO LA COMUNI&Oacute;N.<\/p>\t\t<\/div>\t\t<\/div>\t<\/a><\/li><li>\t<a class='lightbox-2303' href='https:\/\/institutoalmenara.org\/portada\/wp-content\/uploads\/2020\/09\/PAJARILLO-scaled-1.jpg'  title='PAJARILLO.' aria-haspopup='dialog' data-lightbox-gallery='gallery-2303' >\t\t<div class=\"\"><img loading=\"lazy\" decoding=\"async\" class=\"\" src=\"https:\/\/institutoalmenara.org\/portada\/wp-content\/uploads\/2020\/09\/PAJARILLO-scaled-1-400x400.jpg\" width=\"400\" height=\"400\" alt=\"PAJARILLO.\" title=\"PAJARILLO.\" \/>\t\t<div class=\"caption-bottom-container\">\t\t\t<p class=\"caption bottom\">PAJARILLO.<\/p>\t\t<\/div>\t\t<\/div>\t<\/a><\/li><li>\t<a class='lightbox-2303' href='https:\/\/institutoalmenara.org\/portada\/wp-content\/uploads\/2020\/09\/MADRE-FELIZCON-SU-HIJO-scaled-1.jpg'  title='MADRE FELIZ CON SU HIJO.' aria-haspopup='dialog' data-lightbox-gallery='gallery-2303' >\t\t<div class=\"\"><img loading=\"lazy\" decoding=\"async\" class=\"\" src=\"https:\/\/institutoalmenara.org\/portada\/wp-content\/uploads\/2020\/09\/MADRE-FELIZCON-SU-HIJO-scaled-1-400x400.jpg\" width=\"400\" height=\"400\" alt=\"MADRE FELIZ CON SU HIJO.\" title=\"MADRE FELIZ CON SU HIJO.\" \/>\t\t<div class=\"caption-bottom-container\">\t\t\t<p class=\"caption bottom\">MADRE FELIZ CON SU HIJO.<\/p>\t\t<\/div>\t\t<\/div>\t<\/a><\/li><li>\t<a class='lightbox-2303' href='https:\/\/institutoalmenara.org\/portada\/wp-content\/uploads\/2020\/09\/LINCE-IBERICO-scaled-1.jpg'  title='LINCE IB&Eacute;RICO.' aria-haspopup='dialog' data-lightbox-gallery='gallery-2303' >\t\t<div class=\"\"><img loading=\"lazy\" decoding=\"async\" class=\"\" src=\"https:\/\/institutoalmenara.org\/portada\/wp-content\/uploads\/2020\/09\/LINCE-IBERICO-scaled-1-400x400.jpg\" width=\"400\" height=\"400\" alt=\"LINCE IB\u00c9RICO.\" title=\"LINCE IB&Eacute;RICO.\" \/>\t\t<div class=\"caption-bottom-container\">\t\t\t<p class=\"caption bottom\">LINCE IB&Eacute;RICO.<\/p>\t\t<\/div>\t\t<\/div>\t<\/a><\/li><li>\t<a class='lightbox-2303' href='https:\/\/institutoalmenara.org\/portada\/wp-content\/uploads\/2020\/09\/INMERSA-EN-SUS-PENSAMIENTOS-scaled-1.jpg'  title='INMERSA EN SUS PENSAMIENTOS.' aria-haspopup='dialog' data-lightbox-gallery='gallery-2303' >\t\t<div class=\"\"><img loading=\"lazy\" decoding=\"async\" class=\"\" src=\"https:\/\/institutoalmenara.org\/portada\/wp-content\/uploads\/2020\/09\/INMERSA-EN-SUS-PENSAMIENTOS-scaled-1-400x400.jpg\" width=\"400\" height=\"400\" alt=\"INMERSA EN SUS PENSAMIENTOS.\" title=\"INMERSA EN SUS PENSAMIENTOS.\" \/>\t\t<div class=\"caption-bottom-container\">\t\t\t<p class=\"caption bottom\">INMERSA EN SUS PENSAMIENTOS.<\/p>\t\t<\/div>\t\t<\/div>\t<\/a><\/li><li>\t<a class='lightbox-2303' href='https:\/\/institutoalmenara.org\/portada\/wp-content\/uploads\/2020\/09\/FLOR-DE-AZAFRAN1-scaled-1.jpg'  title='FLOR DE AZAFR&Aacute;N.' aria-haspopup='dialog' data-lightbox-gallery='gallery-2303' >\t\t<div class=\"\"><img loading=\"lazy\" decoding=\"async\" class=\"\" src=\"https:\/\/institutoalmenara.org\/portada\/wp-content\/uploads\/2020\/09\/FLOR-DE-AZAFRAN1-scaled-1-400x400.jpg\" width=\"400\" height=\"400\" alt=\"FLOR DE AZAFR\u00c1N.\" title=\"FLOR DE AZAFR&Aacute;N.\" \/>\t\t<div class=\"caption-bottom-container\">\t\t\t<p class=\"caption bottom\">FLOR DE AZAFR&Aacute;N.<\/p>\t\t<\/div>\t\t<\/div>\t<\/a><\/li><li>\t<a class='lightbox-2303' href='https:\/\/institutoalmenara.org\/portada\/wp-content\/uploads\/2020\/09\/ESCENAS-DE-LA-CIUDAD1-scaled-1.jpg'  title='ESCENAS DE LA CIUDAD.' aria-haspopup='dialog' data-lightbox-gallery='gallery-2303' >\t\t<div class=\"\"><img loading=\"lazy\" decoding=\"async\" class=\"\" src=\"https:\/\/institutoalmenara.org\/portada\/wp-content\/uploads\/2020\/09\/ESCENAS-DE-LA-CIUDAD1-scaled-1-400x400.jpg\" width=\"400\" height=\"400\" alt=\"ESCENAS DE LA CIUDAD.\" title=\"ESCENAS DE LA CIUDAD.\" \/>\t\t<div class=\"caption-bottom-container\">\t\t\t<p class=\"caption bottom\">ESCENAS DE LA CIUDAD.<\/p>\t\t<\/div>\t\t<\/div>\t<\/a><\/li><li>\t<a class='lightbox-2303' href='https:\/\/institutoalmenara.org\/portada\/wp-content\/uploads\/2020\/09\/MAR-DE-OLIVOS-DE-MARTOS-scaled-1.jpg'  title='MAR DE OLIVOS DE MARTOS.' aria-haspopup='dialog' data-lightbox-gallery='gallery-2303' >\t\t<div class=\"\"><img loading=\"lazy\" decoding=\"async\" class=\"\" src=\"https:\/\/institutoalmenara.org\/portada\/wp-content\/uploads\/2020\/09\/MAR-DE-OLIVOS-DE-MARTOS-scaled-1-400x400.jpg\" width=\"400\" height=\"400\" alt=\"MAR DE OLIVOS DE MARTOS.\" title=\"MAR DE OLIVOS DE MARTOS.\" \/>\t\t<div class=\"caption-bottom-container\">\t\t\t<p class=\"caption bottom\">MAR DE OLIVOS DE MARTOS.<\/p>\t\t<\/div>\t\t<\/div>\t<\/a><\/li><li>\t<a class='lightbox-2303' href='https:\/\/institutoalmenara.org\/portada\/wp-content\/uploads\/2020\/09\/LAGARTIJA-scaled-1.jpg'  title='LAGARTIJA.' aria-haspopup='dialog' data-lightbox-gallery='gallery-2303' >\t\t<div class=\"\"><img loading=\"lazy\" decoding=\"async\" class=\"\" src=\"https:\/\/institutoalmenara.org\/portada\/wp-content\/uploads\/2020\/09\/LAGARTIJA-scaled-1-400x400.jpg\" width=\"400\" height=\"400\" alt=\"LAGARTIJA.\" title=\"LAGARTIJA.\" \/>\t\t<div class=\"caption-bottom-container\">\t\t\t<p class=\"caption bottom\">LAGARTIJA.<\/p>\t\t<\/div>\t\t<\/div>\t<\/a><\/li><li>\t<a class='lightbox-2303' href='https:\/\/institutoalmenara.org\/portada\/wp-content\/uploads\/2020\/09\/RINCON-DEL-PASADO-scaled-1.jpg'  title='RINC&Oacute;N DEL P&Agrave;SADO.' aria-haspopup='dialog' data-lightbox-gallery='gallery-2303' >\t\t<div class=\"\"><img loading=\"lazy\" decoding=\"async\" class=\"\" src=\"https:\/\/institutoalmenara.org\/portada\/wp-content\/uploads\/2020\/09\/RINCON-DEL-PASADO-scaled-1-400x400.jpg\" width=\"400\" height=\"400\" alt=\"RINC\u00d3N DEL P\u00c0SADO.\" title=\"RINC&Oacute;N DEL P&Agrave;SADO.\" \/>\t\t<div class=\"caption-bottom-container\">\t\t\t<p class=\"caption bottom\">RINC&Oacute;N DEL P&Agrave;SADO.<\/p>\t\t<\/div>\t\t<\/div>\t<\/a><\/li><li>\t<a class='lightbox-2303' href='https:\/\/institutoalmenara.org\/portada\/wp-content\/uploads\/2020\/09\/LISBOA-scaled-1.jpg'  title='LISBOA.' aria-haspopup='dialog' data-lightbox-gallery='gallery-2303' >\t\t<div class=\"\"><img loading=\"lazy\" decoding=\"async\" class=\"\" src=\"https:\/\/institutoalmenara.org\/portada\/wp-content\/uploads\/2020\/09\/LISBOA-scaled-1-400x400.jpg\" width=\"400\" height=\"400\" alt=\"LISBOA.\" title=\"LISBOA.\" \/>\t\t<div class=\"caption-bottom-container\">\t\t\t<p class=\"caption bottom\">LISBOA.<\/p>\t\t<\/div>\t\t<\/div>\t<\/a><\/li><li>\t<a class='lightbox-2303' href='https:\/\/institutoalmenara.org\/portada\/wp-content\/uploads\/2020\/09\/ENTRADA-AL-DOLMEN-scaled-1.jpg'  title='ENTRADA AL DOLMEN.' aria-haspopup='dialog' data-lightbox-gallery='gallery-2303' >\t\t<div class=\"\"><img loading=\"lazy\" decoding=\"async\" class=\"\" src=\"https:\/\/institutoalmenara.org\/portada\/wp-content\/uploads\/2020\/09\/ENTRADA-AL-DOLMEN-scaled-1-400x400.jpg\" width=\"400\" height=\"400\" alt=\"ENTRADA AL DOLMEN.\" title=\"ENTRADA AL DOLMEN.\" \/>\t\t<div class=\"caption-bottom-container\">\t\t\t<p class=\"caption bottom\">ENTRADA AL DOLMEN.<\/p>\t\t<\/div>\t\t<\/div>\t<\/a><\/li><li>\t<a class='lightbox-2303' href='https:\/\/institutoalmenara.org\/portada\/wp-content\/uploads\/2020\/09\/CERVATILLOS-PASTANDO-scaled-1.jpg'  title='CERVATILLOS PASTANDO.' aria-haspopup='dialog' data-lightbox-gallery='gallery-2303' >\t\t<div class=\"\"><img loading=\"lazy\" decoding=\"async\" class=\"\" src=\"https:\/\/institutoalmenara.org\/portada\/wp-content\/uploads\/2020\/09\/CERVATILLOS-PASTANDO-scaled-1-400x400.jpg\" width=\"400\" height=\"400\" alt=\"CERVATILLOS PASTANDO.\" title=\"CERVATILLOS PASTANDO.\" \/>\t\t<div class=\"caption-bottom-container\">\t\t\t<p class=\"caption bottom\">CERVATILLOS PASTANDO.<\/p>\t\t<\/div>\t\t<\/div>\t<\/a><\/li><li>\t<a class='lightbox-2303' href='https:\/\/institutoalmenara.org\/portada\/wp-content\/uploads\/2020\/09\/COLAS-DEL-PANTANO-scaled-1.jpg'  title='COLAS DEL PANTANO.' aria-haspopup='dialog' data-lightbox-gallery='gallery-2303' >\t\t<div class=\"\"><img loading=\"lazy\" decoding=\"async\" class=\"\" src=\"https:\/\/institutoalmenara.org\/portada\/wp-content\/uploads\/2020\/09\/COLAS-DEL-PANTANO-scaled-1-400x400.jpg\" width=\"400\" height=\"400\" alt=\"COLAS DEL PANTANO.\" title=\"COLAS DEL PANTANO.\" \/>\t\t<div class=\"caption-bottom-container\">\t\t\t<p class=\"caption bottom\">COLAS DEL PANTANO.<\/p>\t\t<\/div>\t\t<\/div>\t<\/a><\/li>\t\t<\/ul>\t\t<div class=\"clear\"><\/div>\t<\/div>\t<span style=\"display: none;\" class=\"hidden-image-tiles-gallery-id\">2303<\/span>\t<span style=\"display: none;\" class=\"hidden-lightbox-skin\"><\/span>\t<span style=\"display: none;\" class=\"hidden-lightbox-effect\"><\/span>\t<span style=\"display: none;\" class=\"hidden-lightbox-kb-nav\">false<\/span>\t<span style=\"display: none;\" class=\"hidden-lightbox-img-click-close\">false<\/span>\t<span style=\"display: none;\" class=\"hidden-lightbox-ol-click-close\">false<\/span>\t<span style=\"display: none;\" class=\"hidden-lightbox-close-tip-text\"><\/span>\t<span style=\"display: none;\" class=\"hidden-lightbox-next-tip-text\"><\/span>\t<span style=\"display: none;\" class=\"hidden-lightbox-prev-tip-text\"><\/span>\t<span style=\"display: none;\" class=\"hidden-lightbox-error-tip-text\"><\/span><\/div><div style='clear:both'><\/div><div class='mg-pagination'><\/div><\/p>\n<h3 style=\"text-align: center;\"><a href=\"https:\/\/institutoalmenara.org\/portada\/resena-biografica-de-miguel-lopez-morales\/\"><em><strong>Rese\u00f1a biogr\u00e1fica de Miguel L\u00f3pez Morales.<\/strong><\/em><\/a><\/h3>\n","protected":false},"excerpt":{"rendered":"<p>Rese\u00f1a biogr\u00e1fica de Miguel L\u00f3pez Morales.<\/p>\n","protected":false},"author":1,"featured_media":0,"parent":0,"menu_order":0,"comment_status":"closed","ping_status":"closed","template":"","meta":{"_uag_custom_page_level_css":"","cybocfi_hide_featured_image":"","footnotes":""},"class_list":["post-2315","page","type-page","status-publish","hentry"],"uagb_featured_image_src":{"full":false,"thumbnail":false,"medium":false,"medium_large":false,"large":false,"maxgallery-meta-image-thumb-small":false,"maxgallery-meta-image-thumb-medium":false,"maxgallery-meta-image-thumb-large":false,"maxgallery-meta-video-thumb-small":false,"maxgallery-meta-video-thumb-medium":false,"maxgallery-meta-video-thumb-large":false,"1536x1536":false,"2048x2048":false,"post-thumbnail":false},"uagb_author_info":{"display_name":"Instituto Almenara","author_link":"https:\/\/institutoalmenara.org\/portada\/author\/instituto-almenara\/"},"uagb_comment_info":0,"uagb_excerpt":"Rese\u00f1a biogr\u00e1fica de Miguel L\u00f3pez Morales.","_links":{"self":[{"href":"https:\/\/institutoalmenara.org\/portada\/wp-json\/wp\/v2\/pages\/2315","targetHints":{"allow":["GET"]}}],"collection":[{"href":"https:\/\/institutoalmenara.org\/portada\/wp-json\/wp\/v2\/pages"}],"about":[{"href":"https:\/\/institutoalmenara.org\/portada\/wp-json\/wp\/v2\/types\/page"}],"author":[{"embeddable":true,"href":"https:\/\/institutoalmenara.org\/portada\/wp-json\/wp\/v2\/users\/1"}],"replies":[{"embeddable":true,"href":"https:\/\/institutoalmenara.org\/portada\/wp-json\/wp\/v2\/comments?post=2315"}],"version-history":[{"count":3,"href":"https:\/\/institutoalmenara.org\/portada\/wp-json\/wp\/v2\/pages\/2315\/revisions"}],"predecessor-version":[{"id":2323,"href":"https:\/\/institutoalmenara.org\/portada\/wp-json\/wp\/v2\/pages\/2315\/revisions\/2323"}],"wp:attachment":[{"href":"https:\/\/institutoalmenara.org\/portada\/wp-json\/wp\/v2\/media?parent=2315"}],"curies":[{"name":"wp","href":"https:\/\/api.w.org\/{rel}","templated":true}]}}