{"id":2277,"date":"2020-07-18T09:09:20","date_gmt":"2020-07-18T07:09:20","guid":{"rendered":"https:\/\/institutoalmenara.org\/portada\/?page_id=2277"},"modified":"2020-07-18T09:09:20","modified_gmt":"2020-07-18T07:09:20","slug":"ilustraciones-y-dibujos-de-juan-eduardo-latorre-gelvez","status":"publish","type":"page","link":"https:\/\/institutoalmenara.org\/portada\/ilustraciones-y-dibujos-de-juan-eduardo-latorre-gelvez\/","title":{"rendered":"Ilustraciones y dibujos de Juan Eduardo Latorre G\u00e9lvez"},"content":{"rendered":"<p style=\"text-align: center;\"><div id=\"maxgallery-2242\" class=\"mg-image-tiles borderless\"><p class=\"mg-description\"><h2><a href=\"https:\/\/institutoalmenara.org\/portada\/juan-eduardo-latorre-galvez\/\"><em><strong>Juan Eduardo Latorre G\u00e1lvez<\/strong><\/em><\/a><\/h2><\/p>\t<div class=\"mg-thumbs mg-fourcol\">\t\t<ul><li>\t<a class='lightbox-2242' href='https:\/\/institutoalmenara.org\/portada\/wp-content\/uploads\/2020\/04\/CEMENTERIO-SAN-EUFRASIO0001.jpg'  title='Cementerio de San Eufrasio de Ja&eacute;n. Juan E. Latorre.\n' aria-haspopup='dialog' data-lightbox-gallery='gallery-2242' >\t\t<div class=\"\"><img loading=\"lazy\" decoding=\"async\" class=\"\" src=\"https:\/\/institutoalmenara.org\/portada\/wp-content\/uploads\/2020\/04\/CEMENTERIO-SAN-EUFRASIO0001-250x250.jpg\" width=\"250\" height=\"250\" alt=\"Cementerio de San Eufrasio de Ja\u00e9n. Juan E. Latorre.\" title=\"Cementerio de San Eufrasio de Ja&eacute;n. Juan E. Latorre.\" \/>\t\t<div class=\"caption-bottom-container\">\t\t\t<p class=\"caption bottom\"><strong>Cementerio de San Eufrasio de Ja&eacute;n.<em> Juan E. Latorre.<\/em><\/strong>\n<\/p>\t\t<\/div>\t\t<\/div>\t<\/a><\/li><li>\t<a class='lightbox-2242' href='https:\/\/institutoalmenara.org\/portada\/wp-content\/uploads\/2020\/04\/CALLE-VALPARA\u00cdSO.jpg'  title='Calle Valpara&iacute;so. Ja&eacute;n.Juan E. Latorre.\n' aria-haspopup='dialog' data-lightbox-gallery='gallery-2242' >\t\t<div class=\"\"><img loading=\"lazy\" decoding=\"async\" class=\"\" src=\"https:\/\/institutoalmenara.org\/portada\/wp-content\/uploads\/2020\/04\/CALLE-VALPARA\u00cdSO-250x250.jpg\" width=\"250\" height=\"250\" alt=\"Calle Valpara\u00edso. Ja\u00e9n. Juan E. Latorre.\" title=\"Calle Valpara&iacute;so. Ja&eacute;n. Juan E. Latorre.\" \/>\t\t<div class=\"caption-bottom-container\">\t\t\t<p class=\"caption bottom\"><strong>Calle Valpara&iacute;so. Ja&eacute;n.<em>Juan E. Latorre.<\/em><\/strong>\n<\/p>\t\t<\/div>\t\t<\/div>\t<\/a><\/li><li>\t<a class='lightbox-2242' href='https:\/\/institutoalmenara.org\/portada\/wp-content\/uploads\/2020\/04\/EL-SALVADOR.jpg'  title='Iglesia de el Salvador de &Uacute;beda.Juan E. Latorre.\n' aria-haspopup='dialog' data-lightbox-gallery='gallery-2242' >\t\t<div class=\"\"><img loading=\"lazy\" decoding=\"async\" class=\"\" src=\"https:\/\/institutoalmenara.org\/portada\/wp-content\/uploads\/2020\/04\/EL-SALVADOR-250x250.jpg\" width=\"250\" height=\"250\" alt=\"Iglesia de el Salvador de \u00dabeda. Juan E. Latorre.\" title=\"Iglesia de el Salvador de &Uacute;beda. Juan E. Latorre.\" \/>\t\t<div class=\"caption-bottom-container\">\t\t\t<p class=\"caption bottom\"><strong>Iglesia de el Salvador de &Uacute;beda.<em>Juan E. Latorre.<\/em><\/strong>\n<\/p>\t\t<\/div>\t\t<\/div>\t<\/a><\/li><li>\t<a class='lightbox-2242' href='https:\/\/institutoalmenara.org\/portada\/wp-content\/uploads\/2020\/04\/SAN-BARTOLOM\u00c9.jpg'  title='Plazoleta de San Bartolom&eacute;.Juan E. Latorre.\n' aria-haspopup='dialog' data-lightbox-gallery='gallery-2242' >\t\t<div class=\"\"><img loading=\"lazy\" decoding=\"async\" class=\"\" src=\"https:\/\/institutoalmenara.org\/portada\/wp-content\/uploads\/2020\/04\/SAN-BARTOLOM\u00c9-250x250.jpg\" width=\"250\" height=\"250\" alt=\"Plazoleta de San Bartolom\u00e9. Juan E. Latorre.\" title=\"Plazoleta de San Bartolom&eacute;. Juan E. Latorre.\" \/>\t\t<div class=\"caption-bottom-container\">\t\t\t<p class=\"caption bottom\"><strong>Plazoleta de San Bartolom&eacute;.<em>Juan E. Latorre.<\/em><\/strong>\n<\/p>\t\t<\/div>\t\t<\/div>\t<\/a><\/li><li>\t<a class='lightbox-2242' href='https:\/\/institutoalmenara.org\/portada\/wp-content\/uploads\/2020\/04\/COLEGIO-JES\u00daS-MAR\u00cdA.jpg'  title='Iglesia de Santa Mar&iacute;a la Mayor de Alcaudete. Monumento del siglo XVl declarado Bien de Inter&eacute;s Cultural. Juan E. Latorre.\n' aria-haspopup='dialog' data-lightbox-gallery='gallery-2242' >\t\t<div class=\"\"><img loading=\"lazy\" decoding=\"async\" class=\"\" src=\"https:\/\/institutoalmenara.org\/portada\/wp-content\/uploads\/2020\/04\/COLEGIO-JES\u00daS-MAR\u00cdA-250x250.jpg\" width=\"250\" height=\"250\" alt=\"Iglesia de Santa Mar\u00eda la Mayor de Alcaudete. Monumento del siglo XVl declarado Bien de Inter\u00e9s Cultural. Juan E. Latorre.\" title=\"Iglesia de Santa Mar&iacute;a la Mayor de Alcaudete. Monumento del siglo XVl declarado Bien de Inter&eacute;s Cultural. Juan E. Latorre.\" \/>\t\t<div class=\"caption-bottom-container\">\t\t\t<p class=\"caption bottom\"><strong>Iglesia de Santa Mar&iacute;a la Mayor de Alcaudete. Monumento del siglo XVl declarado Bien de Inter&eacute;s Cultural. <em>Juan E. Latorre.<\/em><\/strong>\n<\/p>\t\t<\/div>\t\t<\/div>\t<\/a><\/li><li>\t<a class='lightbox-2242' href='https:\/\/institutoalmenara.org\/portada\/wp-content\/uploads\/2020\/04\/Puente-de-las-Herrer\u00edas.jpg'  title='Puente de las Herrer&iacute;as. Situado cerca del nacimiento del Guadalquivir, declarado Bien de Inter&eacute;s Cultural.Juan E. Latorre.\n' aria-haspopup='dialog' data-lightbox-gallery='gallery-2242' >\t\t<div class=\"\"><img loading=\"lazy\" decoding=\"async\" class=\"\" src=\"https:\/\/institutoalmenara.org\/portada\/wp-content\/uploads\/2020\/04\/Puente-de-las-Herrer\u00edas-250x250.jpg\" width=\"250\" height=\"250\" alt=\"Puente de las Herrer\u00edas. Situado cerca del nacimiento del Guadalquivir, declarado Bien de Inter\u00e9s Cultural. Juan E. Latorre.\" title=\"Puente de las Herrer&iacute;as. Situado cerca del nacimiento del Guadalquivir, declarado Bien de Inter&eacute;s Cultural. Juan E. Latorre.\" \/>\t\t<div class=\"caption-bottom-container\">\t\t\t<p class=\"caption bottom\"><strong>Puente de las Herrer&iacute;as. Situado cerca del nacimiento del Guadalquivir, declarado Bien de Inter&eacute;s Cultural.<em>Juan E. Latorre.<\/em><\/strong>\n<\/p>\t\t<\/div>\t\t<\/div>\t<\/a><\/li><li>\t<a class='lightbox-2242' href='https:\/\/institutoalmenara.org\/portada\/wp-content\/uploads\/2020\/04\/Arco-San-Lorenzo.jpg'  title='Arco de San Lorenzo. Parte de la antigua iglesia del mismo nombre, declarado Monumento Nacional en 1977.Juan E. Latorre.\n' aria-haspopup='dialog' data-lightbox-gallery='gallery-2242' >\t\t<div class=\"\"><img loading=\"lazy\" decoding=\"async\" class=\"\" src=\"https:\/\/institutoalmenara.org\/portada\/wp-content\/uploads\/2020\/04\/Arco-San-Lorenzo-250x250.jpg\" width=\"250\" height=\"250\" alt=\"Arco de San Lorenzo. Parte de la antigua iglesia del mismo nombre, declarado Monumento Nacional en 1977. Juan E. Latorre.\" title=\"Arco de San Lorenzo. Parte de la antigua iglesia del mismo nombre, declarado Monumento Nacional en 1977. Juan E. Latorre.\" \/>\t\t<div class=\"caption-bottom-container\">\t\t\t<p class=\"caption bottom\"><strong>Arco de San Lorenzo. Parte de la antigua iglesia del mismo nombre, declarado Monumento Nacional en 1977.<em>Juan E. Latorre.<\/em><\/strong>\n<\/p>\t\t<\/div>\t\t<\/div>\t<\/a><\/li><li>\t<a class='lightbox-2242' href='https:\/\/institutoalmenara.org\/portada\/wp-content\/uploads\/2020\/04\/Catedral-desde-la-Logia.jpg'  title='Torre de la Catedral de Ja&eacute;n vista desde la zona m&aacute;s puramente vandelviriana del templo, la bell&iacute;sima Logia.Juan E. Latorre.\n' aria-haspopup='dialog' data-lightbox-gallery='gallery-2242' >\t\t<div class=\"\"><img loading=\"lazy\" decoding=\"async\" class=\"\" src=\"https:\/\/institutoalmenara.org\/portada\/wp-content\/uploads\/2020\/04\/Catedral-desde-la-Logia-250x250.jpg\" width=\"250\" height=\"250\" alt=\"Torre de la Catedral de Ja\u00e9n vista desde la zona m\u00e1s puramente vandelviriana del templo, la bell\u00edsima Logia. Juan E. Latorre.\" title=\"Torre de la Catedral de Ja&eacute;n vista desde la zona m&aacute;s puramente vandelviriana del templo, la bell&iacute;sima Logia. Juan E. Latorre.\" \/>\t\t<div class=\"caption-bottom-container\">\t\t\t<p class=\"caption bottom\"><strong>Torre de la Catedral de Ja&eacute;n vista desde la zona m&aacute;s puramente vandelviriana del templo, la bell&iacute;sima Logia.<em>Juan E. Latorre.<\/em><\/strong>\n<\/p>\t\t<\/div>\t\t<\/div>\t<\/a><\/li><li>\t<a class='lightbox-2242' href='https:\/\/institutoalmenara.org\/portada\/wp-content\/uploads\/2020\/04\/Iglesia-Santa-Mar\u00eda-de-Alcaudete.jpg'  title='Iglesia de Santa Mar&iacute;a la Mayor de Alcaudete. Monumento del siglo XVl declarado Bien de Inter&eacute;s Cultural.Juan E. Latorre.\n' aria-haspopup='dialog' data-lightbox-gallery='gallery-2242' >\t\t<div class=\"\"><img loading=\"lazy\" decoding=\"async\" class=\"\" src=\"https:\/\/institutoalmenara.org\/portada\/wp-content\/uploads\/2020\/04\/Iglesia-Santa-Mar\u00eda-de-Alcaudete-250x250.jpg\" width=\"250\" height=\"250\" alt=\"Iglesia de Santa Mar\u00eda la Mayor de Alcaudete. Monumento del siglo XVl declarado Bien de Inter\u00e9s Cultural. Juan E. Latorre.\" title=\"Iglesia de Santa Mar&iacute;a la Mayor de Alcaudete. Monumento del siglo XVl declarado Bien de Inter&eacute;s Cultural. Juan E. Latorre.\" \/>\t\t<div class=\"caption-bottom-container\">\t\t\t<p class=\"caption bottom\"><strong>Iglesia de Santa Mar&iacute;a la Mayor de Alcaudete. Monumento del siglo XVl declarado Bien de Inter&eacute;s Cultural.<em>Juan E. Latorre.<\/em><\/strong>\n<\/p>\t\t<\/div>\t\t<\/div>\t<\/a><\/li><li>\t<a class='lightbox-2242' href='https:\/\/institutoalmenara.org\/portada\/wp-content\/uploads\/2020\/04\/La-Carrera.jpg'  title='La Carrera.Juan E. Latorre.\n' aria-haspopup='dialog' data-lightbox-gallery='gallery-2242' >\t\t<div class=\"\"><img loading=\"lazy\" decoding=\"async\" class=\"\" src=\"https:\/\/institutoalmenara.org\/portada\/wp-content\/uploads\/2020\/04\/La-Carrera-250x250.jpg\" width=\"250\" height=\"250\" alt=\"La Carrera. Juan E. Latorre.\" title=\"La Carrera. Juan E. Latorre.\" \/>\t\t<div class=\"caption-bottom-container\">\t\t\t<p class=\"caption bottom\"><strong>La Carrera.<em>Juan E. Latorre.<\/em><\/strong>\n<\/p>\t\t<\/div>\t\t<\/div>\t<\/a><\/li>\t\t<\/ul>\t\t<div class=\"clear\"><\/div>\t<\/div>\t<span style=\"display: none;\" class=\"hidden-image-tiles-gallery-id\">2242<\/span>\t<span style=\"display: none;\" class=\"hidden-lightbox-skin\"><\/span>\t<span style=\"display: none;\" class=\"hidden-lightbox-effect\"><\/span>\t<span style=\"display: none;\" class=\"hidden-lightbox-kb-nav\">false<\/span>\t<span style=\"display: none;\" class=\"hidden-lightbox-img-click-close\">false<\/span>\t<span style=\"display: none;\" class=\"hidden-lightbox-ol-click-close\">false<\/span>\t<span style=\"display: none;\" class=\"hidden-lightbox-close-tip-text\"><\/span>\t<span style=\"display: none;\" class=\"hidden-lightbox-next-tip-text\"><\/span>\t<span style=\"display: none;\" class=\"hidden-lightbox-prev-tip-text\"><\/span>\t<span style=\"display: none;\" class=\"hidden-lightbox-error-tip-text\"><\/span><\/div><div style='clear:both'><\/div><div class='mg-pagination'><\/div><\/p>\n","protected":false},"excerpt":{"rendered":"","protected":false},"author":1,"featured_media":2130,"parent":0,"menu_order":0,"comment_status":"open","ping_status":"open","template":"","meta":{"_uag_custom_page_level_css":"","cybocfi_hide_featured_image":"yes","footnotes":""},"class_list":["post-2277","page","type-page","status-publish","has-post-thumbnail","hentry"],"uagb_featured_image_src":{"full":["https:\/\/institutoalmenara.org\/portada\/wp-content\/uploads\/2020\/04\/Arco-San-Lorenzo.jpg",1100,1547,false],"thumbnail":["https:\/\/institutoalmenara.org\/portada\/wp-content\/uploads\/2020\/04\/Arco-San-Lorenzo-150x150.jpg",150,150,true],"medium":["https:\/\/institutoalmenara.org\/portada\/wp-content\/uploads\/2020\/04\/Arco-San-Lorenzo-284x400.jpg",284,400,true],"medium_large":["https:\/\/institutoalmenara.org\/portada\/wp-content\/uploads\/2020\/04\/Arco-San-Lorenzo-768x1080.jpg",768,1080,true],"large":["https:\/\/institutoalmenara.org\/portada\/wp-content\/uploads\/2020\/04\/Arco-San-Lorenzo-728x1024.jpg",728,1024,true],"maxgallery-meta-image-thumb-small":["https:\/\/institutoalmenara.org\/portada\/wp-content\/uploads\/2020\/04\/Arco-San-Lorenzo-100x100.jpg",100,100,true],"maxgallery-meta-image-thumb-medium":["https:\/\/institutoalmenara.org\/portada\/wp-content\/uploads\/2020\/04\/Arco-San-Lorenzo-150x150.jpg",150,150,true],"maxgallery-meta-image-thumb-large":["https:\/\/institutoalmenara.org\/portada\/wp-content\/uploads\/2020\/04\/Arco-San-Lorenzo-200x200.jpg",200,200,true],"maxgallery-meta-video-thumb-small":["https:\/\/institutoalmenara.org\/portada\/wp-content\/uploads\/2020\/04\/Arco-San-Lorenzo-150x100.jpg",150,100,true],"maxgallery-meta-video-thumb-medium":["https:\/\/institutoalmenara.org\/portada\/wp-content\/uploads\/2020\/04\/Arco-San-Lorenzo-200x133.jpg",200,133,true],"maxgallery-meta-video-thumb-large":["https:\/\/institutoalmenara.org\/portada\/wp-content\/uploads\/2020\/04\/Arco-San-Lorenzo-250x166.jpg",250,166,true],"1536x1536":["https:\/\/institutoalmenara.org\/portada\/wp-content\/uploads\/2020\/04\/Arco-San-Lorenzo-1092x1536.jpg",1092,1536,true],"2048x2048":["https:\/\/institutoalmenara.org\/portada\/wp-content\/uploads\/2020\/04\/Arco-San-Lorenzo.jpg",1100,1547,false],"post-thumbnail":["https:\/\/institutoalmenara.org\/portada\/wp-content\/uploads\/2020\/04\/Arco-San-Lorenzo-213x300.jpg",213,300,true]},"uagb_author_info":{"display_name":"Instituto Almenara","author_link":"https:\/\/institutoalmenara.org\/portada\/author\/instituto-almenara\/"},"uagb_comment_info":0,"uagb_excerpt":null,"_links":{"self":[{"href":"https:\/\/institutoalmenara.org\/portada\/wp-json\/wp\/v2\/pages\/2277","targetHints":{"allow":["GET"]}}],"collection":[{"href":"https:\/\/institutoalmenara.org\/portada\/wp-json\/wp\/v2\/pages"}],"about":[{"href":"https:\/\/institutoalmenara.org\/portada\/wp-json\/wp\/v2\/types\/page"}],"author":[{"embeddable":true,"href":"https:\/\/institutoalmenara.org\/portada\/wp-json\/wp\/v2\/users\/1"}],"replies":[{"embeddable":true,"href":"https:\/\/institutoalmenara.org\/portada\/wp-json\/wp\/v2\/comments?post=2277"}],"version-history":[{"count":1,"href":"https:\/\/institutoalmenara.org\/portada\/wp-json\/wp\/v2\/pages\/2277\/revisions"}],"predecessor-version":[{"id":2278,"href":"https:\/\/institutoalmenara.org\/portada\/wp-json\/wp\/v2\/pages\/2277\/revisions\/2278"}],"wp:featuredmedia":[{"embeddable":true,"href":"https:\/\/institutoalmenara.org\/portada\/wp-json\/wp\/v2\/media\/2130"}],"wp:attachment":[{"href":"https:\/\/institutoalmenara.org\/portada\/wp-json\/wp\/v2\/media?parent=2277"}],"curies":[{"name":"wp","href":"https:\/\/api.w.org\/{rel}","templated":true}]}}