{"id":2270,"date":"2020-07-18T09:03:00","date_gmt":"2020-07-18T07:03:00","guid":{"rendered":"https:\/\/institutoalmenara.org\/portada\/?page_id=2270"},"modified":"2020-07-18T09:03:00","modified_gmt":"2020-07-18T07:03:00","slug":"galeria-de-fotos-de-javier-leon-cotarelo","status":"publish","type":"page","link":"https:\/\/institutoalmenara.org\/portada\/galeria-de-fotos-de-javier-leon-cotarelo\/","title":{"rendered":"Galer\u00eda de fotos de Javier Le\u00f3n Cotarelo"},"content":{"rendered":"<p style=\"text-align: center;\"><div id=\"maxgallery-1664\" class=\"mg-image-tiles borderless\"><p class=\"mg-description\"><a href=\"https:\/\/institutoalmenara.org\/portada\/fotografia\/javier-leon-cotarelo-fotografo-cv\/\"><h1><strong>Javier Le\u00f3n Cotarelo. Fot\u00f3grafo. CV<\/strong><\/h1><\/a><\/p>\t<div class=\"mg-thumbs mg-threecol\">\t\t<ul><li>\t<a class='lightbox-1664' href='https:\/\/institutoalmenara.org\/portada\/wp-content\/uploads\/2020\/05\/JAVIER-LE\u00d3N-COTARELO.jpg'  title='JAVIER LE\u00d3N COTARELO' aria-haspopup='dialog' data-lightbox-gallery='gallery-1664' >\t\t<div class=\"\"><img class=\"mg_lazy\" data-src=\"https:\/\/institutoalmenara.org\/portada\/wp-content\/uploads\/2020\/05\/JAVIER-LE\u00d3N-COTARELO-400x400.jpg\" width=\"400\" height=\"400\" alt=\"JAVIER LE\u00d3N COTARELO\" title=\"JAVIER LE\u00d3N COTARELO\" \/><noscript><img loading=\"lazy\" decoding=\"async\" src=\"https:\/\/institutoalmenara.org\/portada\/wp-content\/uploads\/2020\/05\/JAVIER-LE\u00d3N-COTARELO-400x400.jpg\" width=\"400\" height=\"400\" alt=\"JAVIER LE\u00d3N COTARELO\" \/><\/noscript>\t\t<div class=\"caption-bottom-container\">\t\t\t<p class=\"caption bottom\">JAVIER LE\u00d3N COTARELO<\/p>\t\t<\/div>\t\t<\/div>\t<\/a><\/li><li>\t<a class='lightbox-1664' href='https:\/\/institutoalmenara.org\/portada\/wp-content\/uploads\/2020\/05\/WhatsApp-Image-2020-05-11-at-00.10.59.jpeg'  title='Tablero de Ajedrez en la Plaza de Santa Mar&iacute;a - JAVIER LE&Oacute;N COTARELO' aria-haspopup='dialog' data-lightbox-gallery='gallery-1664' >\t\t<div class=\"\"><img class=\"mg_lazy\" data-src=\"https:\/\/institutoalmenara.org\/portada\/wp-content\/uploads\/2020\/05\/WhatsApp-Image-2020-05-11-at-00.10.59-400x400.jpeg\" width=\"400\" height=\"400\" alt=\"Tablero de Ajedrez en la Plaza de Santa Mar\u00eda - JAVIER LE\u00d3N COTARELO\" title=\"Tablero de Ajedrez en la Plaza de Santa Mar&iacute;a - JAVIER LE&Oacute;N COTARELO\" \/><noscript><img loading=\"lazy\" decoding=\"async\" src=\"https:\/\/institutoalmenara.org\/portada\/wp-content\/uploads\/2020\/05\/WhatsApp-Image-2020-05-11-at-00.10.59-400x400.jpeg\" width=\"400\" height=\"400\" alt=\"Tablero de Ajedrez en la Plaza de Santa Mar\u00eda - JAVIER LE\u00d3N COTARELO\" \/><\/noscript>\t\t<div class=\"caption-bottom-container\">\t\t\t<p class=\"caption bottom\">Tablero de Ajedrez en la Plaza de Santa Mar&iacute;a - JAVIER LE&Oacute;N COTARELO<\/p>\t\t<\/div>\t\t<\/div>\t<\/a><\/li><li>\t<a class='lightbox-1664' href='https:\/\/institutoalmenara.org\/portada\/wp-content\/uploads\/2020\/05\/WhatsApp-Image-2020-05-11-at-00.54.21.jpeg'  title='Despu&eacute;s de la tormenta - JAVIER LE&Oacute;N COTARELO' aria-haspopup='dialog' data-lightbox-gallery='gallery-1664' >\t\t<div class=\"\"><img class=\"mg_lazy\" data-src=\"https:\/\/institutoalmenara.org\/portada\/wp-content\/uploads\/2020\/05\/WhatsApp-Image-2020-05-11-at-00.54.21-400x400.jpeg\" width=\"400\" height=\"400\" alt=\"Despu\u00e9s de la tormenta - JAVIER LE\u00d3N COTARELO\" title=\"Despu&eacute;s de la tormenta - JAVIER LE&Oacute;N COTARELO\" \/><noscript><img loading=\"lazy\" decoding=\"async\" src=\"https:\/\/institutoalmenara.org\/portada\/wp-content\/uploads\/2020\/05\/WhatsApp-Image-2020-05-11-at-00.54.21-400x400.jpeg\" width=\"400\" height=\"400\" alt=\"Despu\u00e9s de la tormenta - JAVIER LE\u00d3N COTARELO\" \/><\/noscript>\t\t<div class=\"caption-bottom-container\">\t\t\t<p class=\"caption bottom\">Despu&eacute;s de la tormenta - JAVIER LE&Oacute;N COTARELO<\/p>\t\t<\/div>\t\t<\/div>\t<\/a><\/li><li>\t<a class='lightbox-1664' href='https:\/\/institutoalmenara.org\/portada\/wp-content\/uploads\/2020\/05\/WhatsApp-Image-2020-05-10-at-10.44.59.jpeg'  title='Reflejo de edificios en La Carrera - JAVIER LE&Oacute;N COTARELO' aria-haspopup='dialog' data-lightbox-gallery='gallery-1664' >\t\t<div class=\"\"><img class=\"mg_lazy\" data-src=\"https:\/\/institutoalmenara.org\/portada\/wp-content\/uploads\/2020\/05\/WhatsApp-Image-2020-05-10-at-10.44.59-400x400.jpeg\" width=\"400\" height=\"400\" alt=\"Reflejo de edificios en La Carrera - JAVIER LE\u00d3N COTARELO\" title=\"Reflejo de edificios en La Carrera - JAVIER LE&Oacute;N COTARELO\" \/><noscript><img loading=\"lazy\" decoding=\"async\" src=\"https:\/\/institutoalmenara.org\/portada\/wp-content\/uploads\/2020\/05\/WhatsApp-Image-2020-05-10-at-10.44.59-400x400.jpeg\" width=\"400\" height=\"400\" alt=\"Reflejo de edificios en La Carrera - JAVIER LE\u00d3N COTARELO\" \/><\/noscript>\t\t<div class=\"caption-bottom-container\">\t\t\t<p class=\"caption bottom\">Reflejo de edificios en La Carrera - JAVIER LE&Oacute;N COTARELO<\/p>\t\t<\/div>\t\t<\/div>\t<\/a><\/li><li>\t<a class='lightbox-1664' href='https:\/\/institutoalmenara.org\/portada\/wp-content\/uploads\/2020\/05\/WhatsApp-Image-2020-05-11-at-00.57.02.jpeg'  title='Palomas en el espejo de la Plaza de Santa Mar&iacute;a - JAVIER LE&Oacute;N COTARELO' aria-haspopup='dialog' data-lightbox-gallery='gallery-1664' >\t\t<div class=\"\"><img class=\"mg_lazy\" data-src=\"https:\/\/institutoalmenara.org\/portada\/wp-content\/uploads\/2020\/05\/WhatsApp-Image-2020-05-11-at-00.57.02-400x400.jpeg\" width=\"400\" height=\"400\" alt=\"Palomas en el espejo de la Plaza de Santa Mar\u00eda - JAVIER LE\u00d3N COTARELO\" title=\"Palomas en el espejo de la Plaza de Santa Mar&iacute;a - JAVIER LE&Oacute;N COTARELO\" \/><noscript><img loading=\"lazy\" decoding=\"async\" src=\"https:\/\/institutoalmenara.org\/portada\/wp-content\/uploads\/2020\/05\/WhatsApp-Image-2020-05-11-at-00.57.02-400x400.jpeg\" width=\"400\" height=\"400\" alt=\"Palomas en el espejo de la Plaza de Santa Mar\u00eda - JAVIER LE\u00d3N COTARELO\" \/><\/noscript>\t\t<div class=\"caption-bottom-container\">\t\t\t<p class=\"caption bottom\">Palomas en el espejo de la Plaza de Santa Mar&iacute;a - JAVIER LE&Oacute;N COTARELO<\/p>\t\t<\/div>\t\t<\/div>\t<\/a><\/li><li>\t<a class='lightbox-1664' href='https:\/\/institutoalmenara.org\/portada\/wp-content\/uploads\/2020\/05\/WhatsApp-Image-2020-05-10-at-11.00.38.jpeg'  title='Plaza Dean Mazas - JAVIER LE&Oacute;N COTARELO' aria-haspopup='dialog' data-lightbox-gallery='gallery-1664' >\t\t<div class=\"\"><img class=\"mg_lazy\" data-src=\"https:\/\/institutoalmenara.org\/portada\/wp-content\/uploads\/2020\/05\/WhatsApp-Image-2020-05-10-at-11.00.38-400x400.jpeg\" width=\"400\" height=\"400\" alt=\"Plaza Dean Mazas - JAVIER LE\u00d3N COTARELO\" title=\"Plaza Dean Mazas - JAVIER LE&Oacute;N COTARELO\" \/><noscript><img loading=\"lazy\" decoding=\"async\" src=\"https:\/\/institutoalmenara.org\/portada\/wp-content\/uploads\/2020\/05\/WhatsApp-Image-2020-05-10-at-11.00.38-400x400.jpeg\" width=\"400\" height=\"400\" alt=\"Plaza Dean Mazas - JAVIER LE\u00d3N COTARELO\" \/><\/noscript>\t\t<div class=\"caption-bottom-container\">\t\t\t<p class=\"caption bottom\">Plaza Dean Mazas - JAVIER LE&Oacute;N COTARELO<\/p>\t\t<\/div>\t\t<\/div>\t<\/a><\/li><li>\t<a class='lightbox-1664' href='https:\/\/institutoalmenara.org\/portada\/wp-content\/uploads\/2020\/05\/WhatsApp-Image-2020-05-10-at-10.26.49.jpeg'  title='Calle Carrera de Jes&uacute;s despu&eacute;s de la tormenta - JAVIER LE&Oacute;N COTARELO' aria-haspopup='dialog' data-lightbox-gallery='gallery-1664' >\t\t<div class=\"\"><img class=\"mg_lazy\" data-src=\"https:\/\/institutoalmenara.org\/portada\/wp-content\/uploads\/2020\/05\/WhatsApp-Image-2020-05-10-at-10.26.49-400x400.jpeg\" width=\"400\" height=\"400\" alt=\"Calle Carrera de Jes\u00fas despu\u00e9s de la tormenta - JAVIER LE\u00d3N COTARELO\" title=\"Calle Carrera de Jes&uacute;s despu&eacute;s de la tormenta - JAVIER LE&Oacute;N COTARELO\" \/><noscript><img loading=\"lazy\" decoding=\"async\" src=\"https:\/\/institutoalmenara.org\/portada\/wp-content\/uploads\/2020\/05\/WhatsApp-Image-2020-05-10-at-10.26.49-400x400.jpeg\" width=\"400\" height=\"400\" alt=\"Calle Carrera de Jes\u00fas despu\u00e9s de la tormenta - JAVIER LE\u00d3N COTARELO\" \/><\/noscript>\t\t<div class=\"caption-bottom-container\">\t\t\t<p class=\"caption bottom\">Calle Carrera de Jes&uacute;s despu&eacute;s de la tormenta - JAVIER LE&Oacute;N COTARELO<\/p>\t\t<\/div>\t\t<\/div>\t<\/a><\/li><li>\t<a class='lightbox-1664' href='https:\/\/institutoalmenara.org\/portada\/wp-content\/uploads\/2020\/05\/WhatsApp-Image-2020-05-10-at-10.12.20.jpeg'  title='Taberna el Gorri&oacute;n, Calle Arco del Consuelo - JAVIER LE&Oacute;N COTARELO' aria-haspopup='dialog' data-lightbox-gallery='gallery-1664' >\t\t<div class=\"\"><img class=\"mg_lazy\" data-src=\"https:\/\/institutoalmenara.org\/portada\/wp-content\/uploads\/2020\/05\/WhatsApp-Image-2020-05-10-at-10.12.20-400x400.jpeg\" width=\"400\" height=\"400\" alt=\"Taberna el Gorri\u00f3n, Calle Arco del Consuelo - JAVIER LE\u00d3N COTARELO\" title=\"Taberna el Gorri&oacute;n, Calle Arco del Consuelo - JAVIER LE&Oacute;N COTARELO\" \/><noscript><img loading=\"lazy\" decoding=\"async\" src=\"https:\/\/institutoalmenara.org\/portada\/wp-content\/uploads\/2020\/05\/WhatsApp-Image-2020-05-10-at-10.12.20-400x400.jpeg\" width=\"400\" height=\"400\" alt=\"Taberna el Gorri\u00f3n, Calle Arco del Consuelo - JAVIER LE\u00d3N COTARELO\" \/><\/noscript>\t\t<div class=\"caption-bottom-container\">\t\t\t<p class=\"caption bottom\">Taberna el Gorri&oacute;n, Calle Arco del Consuelo - JAVIER LE&Oacute;N COTARELO<\/p>\t\t<\/div>\t\t<\/div>\t<\/a><\/li><li>\t<a class='lightbox-1664' href='https:\/\/institutoalmenara.org\/portada\/wp-content\/uploads\/2020\/05\/WhatsApp-Image-2020-05-10-at-10.09.20.jpeg'  title='Calle Bernardo L&oacute;pez - JAVIER LE&Oacute;N COTARELO' aria-haspopup='dialog' data-lightbox-gallery='gallery-1664' >\t\t<div class=\"\"><img class=\"mg_lazy\" data-src=\"https:\/\/institutoalmenara.org\/portada\/wp-content\/uploads\/2020\/05\/WhatsApp-Image-2020-05-10-at-10.09.20-400x400.jpeg\" width=\"400\" height=\"400\" alt=\"Calle Bernardo L\u00f3pez - JAVIER LE\u00d3N COTARELO\" title=\"Calle Bernardo L&oacute;pez - JAVIER LE&Oacute;N COTARELO\" \/><noscript><img loading=\"lazy\" decoding=\"async\" src=\"https:\/\/institutoalmenara.org\/portada\/wp-content\/uploads\/2020\/05\/WhatsApp-Image-2020-05-10-at-10.09.20-400x400.jpeg\" width=\"400\" height=\"400\" alt=\"Calle Bernardo L\u00f3pez - JAVIER LE\u00d3N COTARELO\" \/><\/noscript>\t\t<div class=\"caption-bottom-container\">\t\t\t<p class=\"caption bottom\">Calle Bernardo L&oacute;pez - JAVIER LE&Oacute;N COTARELO<\/p>\t\t<\/div>\t\t<\/div>\t<\/a><\/li><li>\t<a class='lightbox-1664' href='https:\/\/institutoalmenara.org\/portada\/wp-content\/uploads\/2020\/05\/WhatsApp-Image-2020-05-10-at-10.38.17.jpeg'  title='El ojo de la Calle Almenas - JAVIER LE&Oacute;N COTARELO' aria-haspopup='dialog' data-lightbox-gallery='gallery-1664' >\t\t<div class=\"\"><img class=\"mg_lazy\" data-src=\"https:\/\/institutoalmenara.org\/portada\/wp-content\/uploads\/2020\/05\/WhatsApp-Image-2020-05-10-at-10.38.17-400x400.jpeg\" width=\"400\" height=\"400\" alt=\"El ojo de la Calle Almenas - JAVIER LE\u00d3N COTARELO\" title=\"El ojo de la Calle Almenas - JAVIER LE&Oacute;N COTARELO\" \/><noscript><img loading=\"lazy\" decoding=\"async\" src=\"https:\/\/institutoalmenara.org\/portada\/wp-content\/uploads\/2020\/05\/WhatsApp-Image-2020-05-10-at-10.38.17-400x400.jpeg\" width=\"400\" height=\"400\" alt=\"El ojo de la Calle Almenas - JAVIER LE\u00d3N COTARELO\" \/><\/noscript>\t\t<div class=\"caption-bottom-container\">\t\t\t<p class=\"caption bottom\">El ojo de la Calle Almenas - JAVIER LE&Oacute;N COTARELO<\/p>\t\t<\/div>\t\t<\/div>\t<\/a><\/li><li>\t<a class='lightbox-1664' href='https:\/\/institutoalmenara.org\/portada\/wp-content\/uploads\/2020\/05\/WhatsApp-Image-2020-05-10-at-10.13.51.jpeg'  title='En el recuerdo, Palomino Kaiser, en la Calle Arco del Consuelo - JAVIER LE&Oacute;N COTARELO' aria-haspopup='dialog' data-lightbox-gallery='gallery-1664' >\t\t<div class=\"\"><img class=\"mg_lazy\" data-src=\"https:\/\/institutoalmenara.org\/portada\/wp-content\/uploads\/2020\/05\/WhatsApp-Image-2020-05-10-at-10.13.51-400x400.jpeg\" width=\"400\" height=\"400\" alt=\"En el recuerdo, Palomino Kaiser, en la Calle Arco del Consuelo - JAVIER LE\u00d3N COTARELO\" title=\"En el recuerdo, Palomino Kaiser, en la Calle Arco del Consuelo - JAVIER LE&Oacute;N COTARELO\" \/><noscript><img loading=\"lazy\" decoding=\"async\" src=\"https:\/\/institutoalmenara.org\/portada\/wp-content\/uploads\/2020\/05\/WhatsApp-Image-2020-05-10-at-10.13.51-400x400.jpeg\" width=\"400\" height=\"400\" alt=\"En el recuerdo, Palomino Kaiser, en la Calle Arco del Consuelo - JAVIER LE\u00d3N COTARELO\" \/><\/noscript>\t\t<div class=\"caption-bottom-container\">\t\t\t<p class=\"caption bottom\">En el recuerdo, Palomino Kaiser, en la Calle Arco del Consuelo - JAVIER LE&Oacute;N COTARELO<\/p>\t\t<\/div>\t\t<\/div>\t<\/a><\/li>\t\t<\/ul>\t\t<div class=\"clear\"><\/div>\t<\/div>\t<span style=\"display: none;\" class=\"hidden-image-tiles-gallery-id\">1664<\/span>\t<span style=\"display: none;\" class=\"hidden-lightbox-skin\"><\/span>\t<span style=\"display: none;\" class=\"hidden-lightbox-effect\"><\/span>\t<span style=\"display: none;\" class=\"hidden-lightbox-kb-nav\">false<\/span>\t<span style=\"display: none;\" class=\"hidden-lightbox-img-click-close\">false<\/span>\t<span style=\"display: none;\" class=\"hidden-lightbox-ol-click-close\">false<\/span>\t<span style=\"display: none;\" class=\"hidden-lightbox-close-tip-text\"><\/span>\t<span style=\"display: none;\" class=\"hidden-lightbox-next-tip-text\"><\/span>\t<span style=\"display: none;\" class=\"hidden-lightbox-prev-tip-text\"><\/span>\t<span style=\"display: none;\" class=\"hidden-lightbox-error-tip-text\"><\/span><\/div><script>\ndocument.addEventListener(\"DOMContentLoaded\", function(event) { \njQuery(\"img.mg_lazy\").lazyload({threshold : 1});\n});\n<\/script>\n<div style='clear:both'><\/div><div class='mg-pagination'><\/div><\/p>\n","protected":false},"excerpt":{"rendered":"","protected":false},"author":1,"featured_media":1676,"parent":0,"menu_order":0,"comment_status":"open","ping_status":"open","template":"","meta":{"_uag_custom_page_level_css":"","cybocfi_hide_featured_image":"yes","footnotes":""},"class_list":["post-2270","page","type-page","status-publish","has-post-thumbnail","hentry"],"uagb_featured_image_src":{"full":["https:\/\/institutoalmenara.org\/portada\/wp-content\/uploads\/2020\/05\/JAVIER-LE\u00d3N-COTARELO.jpg",2000,1500,false],"thumbnail":["https:\/\/institutoalmenara.org\/portada\/wp-content\/uploads\/2020\/05\/JAVIER-LE\u00d3N-COTARELO-150x150.jpg",150,150,true],"medium":["https:\/\/institutoalmenara.org\/portada\/wp-content\/uploads\/2020\/05\/JAVIER-LE\u00d3N-COTARELO-300x225.jpg",300,225,true],"medium_large":["https:\/\/institutoalmenara.org\/portada\/wp-content\/uploads\/2020\/05\/JAVIER-LE\u00d3N-COTARELO-768x576.jpg",760,570,true],"large":["https:\/\/institutoalmenara.org\/portada\/wp-content\/uploads\/2020\/05\/JAVIER-LE\u00d3N-COTARELO-1024x768.jpg",760,570,true],"maxgallery-meta-image-thumb-small":["https:\/\/institutoalmenara.org\/portada\/wp-content\/uploads\/2020\/05\/JAVIER-LE\u00d3N-COTARELO-100x100.jpg",100,100,true],"maxgallery-meta-image-thumb-medium":["https:\/\/institutoalmenara.org\/portada\/wp-content\/uploads\/2020\/05\/JAVIER-LE\u00d3N-COTARELO-150x150.jpg",150,150,true],"maxgallery-meta-image-thumb-large":["https:\/\/institutoalmenara.org\/portada\/wp-content\/uploads\/2020\/05\/JAVIER-LE\u00d3N-COTARELO-200x200.jpg",200,200,true],"maxgallery-meta-video-thumb-small":["https:\/\/institutoalmenara.org\/portada\/wp-content\/uploads\/2020\/05\/JAVIER-LE\u00d3N-COTARELO-150x100.jpg",150,100,true],"maxgallery-meta-video-thumb-medium":["https:\/\/institutoalmenara.org\/portada\/wp-content\/uploads\/2020\/05\/JAVIER-LE\u00d3N-COTARELO-200x133.jpg",200,133,true],"maxgallery-meta-video-thumb-large":["https:\/\/institutoalmenara.org\/portada\/wp-content\/uploads\/2020\/05\/JAVIER-LE\u00d3N-COTARELO-250x166.jpg",250,166,true],"1536x1536":["https:\/\/institutoalmenara.org\/portada\/wp-content\/uploads\/2020\/05\/JAVIER-LE\u00d3N-COTARELO-1536x1152.jpg",1536,1152,true],"2048x2048":["https:\/\/institutoalmenara.org\/portada\/wp-content\/uploads\/2020\/05\/JAVIER-LE\u00d3N-COTARELO.jpg",2000,1500,false],"post-thumbnail":["https:\/\/institutoalmenara.org\/portada\/wp-content\/uploads\/2020\/05\/JAVIER-LE\u00d3N-COTARELO-300x225.jpg",300,225,true]},"uagb_author_info":{"display_name":"Instituto Almenara","author_link":"https:\/\/institutoalmenara.org\/portada\/author\/instituto-almenara\/"},"uagb_comment_info":0,"uagb_excerpt":null,"_links":{"self":[{"href":"https:\/\/institutoalmenara.org\/portada\/wp-json\/wp\/v2\/pages\/2270","targetHints":{"allow":["GET"]}}],"collection":[{"href":"https:\/\/institutoalmenara.org\/portada\/wp-json\/wp\/v2\/pages"}],"about":[{"href":"https:\/\/institutoalmenara.org\/portada\/wp-json\/wp\/v2\/types\/page"}],"author":[{"embeddable":true,"href":"https:\/\/institutoalmenara.org\/portada\/wp-json\/wp\/v2\/users\/1"}],"replies":[{"embeddable":true,"href":"https:\/\/institutoalmenara.org\/portada\/wp-json\/wp\/v2\/comments?post=2270"}],"version-history":[{"count":2,"href":"https:\/\/institutoalmenara.org\/portada\/wp-json\/wp\/v2\/pages\/2270\/revisions"}],"predecessor-version":[{"id":2273,"href":"https:\/\/institutoalmenara.org\/portada\/wp-json\/wp\/v2\/pages\/2270\/revisions\/2273"}],"wp:featuredmedia":[{"embeddable":true,"href":"https:\/\/institutoalmenara.org\/portada\/wp-json\/wp\/v2\/media\/1676"}],"wp:attachment":[{"href":"https:\/\/institutoalmenara.org\/portada\/wp-json\/wp\/v2\/media?parent=2270"}],"curies":[{"name":"wp","href":"https:\/\/api.w.org\/{rel}","templated":true}]}}