{"id":2113,"date":"2020-05-22T20:20:56","date_gmt":"2020-05-22T18:20:56","guid":{"rendered":"https:\/\/institutoalmenara.org\/portada\/?page_id=2113"},"modified":"2020-07-18T09:09:56","modified_gmt":"2020-07-18T07:09:56","slug":"juan-eduardo-latorre-galvez","status":"publish","type":"page","link":"https:\/\/institutoalmenara.org\/portada\/juan-eduardo-latorre-galvez\/","title":{"rendered":"Juan Eduardo Latorre G\u00e1lvez"},"content":{"rendered":"<figure id=\"attachment_2166\" aria-describedby=\"caption-attachment-2166\" style=\"width: 760px\" class=\"wp-caption aligncenter\"><img loading=\"lazy\" decoding=\"async\" class=\"wp-image-2166 size-large\" src=\"https:\/\/institutoalmenara.org\/portada\/wp-content\/uploads\/2020\/04\/IMG-20200521-WA0005-760x1024.jpg\" alt=\"Ilustraciones y dibujos - Juan Eduardo Latorre G\u00e1lvez\" width=\"760\" height=\"1024\" srcset=\"https:\/\/institutoalmenara.org\/portada\/wp-content\/uploads\/2020\/04\/IMG-20200521-WA0005-760x1024.jpg 760w, https:\/\/institutoalmenara.org\/portada\/wp-content\/uploads\/2020\/04\/IMG-20200521-WA0005-297x400.jpg 297w, https:\/\/institutoalmenara.org\/portada\/wp-content\/uploads\/2020\/04\/IMG-20200521-WA0005-768x1035.jpg 768w, https:\/\/institutoalmenara.org\/portada\/wp-content\/uploads\/2020\/04\/IMG-20200521-WA0005-1140x1536.jpg 1140w, https:\/\/institutoalmenara.org\/portada\/wp-content\/uploads\/2020\/04\/IMG-20200521-WA0005-223x300.jpg 223w, https:\/\/institutoalmenara.org\/portada\/wp-content\/uploads\/2020\/04\/IMG-20200521-WA0005.jpg 1187w\" sizes=\"auto, (max-width: 760px) 100vw, 760px\" \/><figcaption id=\"caption-attachment-2166\" class=\"wp-caption-text\"><strong>Juan Eduardo Latorre G\u00e1lvez<\/strong><\/figcaption><\/figure>\n<h2><span style=\"font-family: Times New Roman, serif; font-size: 24px;\"><b>\u00a0Rese\u00f1a biogr\u00e1fica <\/b> <\/span><\/h2>\n<p><span style=\"font-family: Times New Roman, serif; font-size: 20px;\">Nac\u00ed en Ja\u00e9n, en la calle Rep\u00fablica Argentina. Aunque siempre fui un tanto solitario, recuerdo muchas horas de mi infancia en la calle, con mis amigos. Horas de libertad. Merodeaba con frecuencia las tapias del cementerio de San Eufrasio. Desde entonces, qued\u00f3 impresa en mi la predilecci\u00f3n por esos lugares tan llenos de romanticismo. De peque\u00f1o me apasionaba dibujar. Mi sue\u00f1o de adolescencia era irme a Sevilla a estudiar Bellas Artes, pero se qued\u00f3 en eso, en un sue\u00f1o. Circunstancias de la vida. Estudi\u00e9 Magisterio sin vocaci\u00f3n, pero me agrad\u00f3 bastante y trabajar con ni\u00f1os ha sido siempre gratificante. De ser maestro s\u00f3lo odio, aunque con creciente intensidad, la a\u00fan m\u00e1s creciente burocracia. <\/span><\/p>\n<p><span style=\"font-family: Times New Roman, serif; font-size: 20px;\">Amo el cine. Ver en la gran pantalla a Ricardo Dar\u00edn, Audrey Hepburn o Humphrey Bogart me evade de este mundo a veces tan prosaico. La literatura tambi\u00e9n es un refugio m\u00e1gico: B\u00e9cquer, Mu\u00f1oz Molina, Eduardo Sacheri, Leonardo Padura, Stephen King y tantos otros, me hacen la existencia m\u00e1s grata. <\/span><\/p>\n<p><span style=\"font-family: Times New Roman, serif; font-size: 20px;\">Me encanta viajar. Adoro Par\u00eds. Tambi\u00e9n Florencia y Venecia. Mi mejor compa\u00f1\u00eda es la m\u00fasica. Chopin, Mozart, Bach, Beethoven, Schubert\u2026, pero tambi\u00e9n Silvio Rodr\u00edguez, Pablo Milan\u00e9s, el Serrat de hace unos a\u00f1os, Andr\u00e9s Calamaro\u2026 <\/span><\/p>\n<p><span style=\"font-family: Times New Roman, serif; font-size: 20px;\">Llevo varios a\u00f1os trabajando en un colegio que est\u00e1 en plena Alameda de Capuchinos, es como un sue\u00f1o. Mi querido \u201cJes\u00fas-Mar\u00eda\u201d es el m\u00e1s bello de Ja\u00e9n, sin duda. Antes estuve en Los Villares, Noguerones\u2026 El lugar que me dej\u00f3 marcado fue Segura de la Sierra, un pueblo bell\u00edsimo y entra\u00f1able. Aquella sierra maravillosa, se me qued\u00f3 muy dentro. <\/span><span style=\"font-family: Times New Roman, serif; font-size: 20px;\">Lo que me llena es dibujar. Sobre todo cuando mis dibujos sirven para ilustrar textos tan extraordinarios como los que dieron lugar a libros como \u201cPensando en Ja\u00e9n\u201d, \u201cApasionado Ja\u00e9n\u201d y \u201cMiradas de Ja\u00e9n\u201d. O, anteriormente, los \u201cCuentos de la Virgen de la Cabeza\u201d, de mi gran amigo Manuel Jim\u00e9nez Barrag\u00e1n. Trabaj\u00e9 unos a\u00f1os como ilustrador en \u201cAlcal\u00e1 Editorial\u201d, una experiencia inolvidable. Soy colaborador de Diario Ja\u00e9n desde 2007. Actualmente tengo una secci\u00f3n de entrevistas con una ilustraci\u00f3n del entrevistado, llamada Reflejos, y otra, denominada Estampas, en la que ilustro textos de tres formidables escritores, adem\u00e1s de grandes amigos: Manuel Navarro Jaramillo, Jes\u00fas Palomo Lopera y Paco Latorre Meng\u00edbar.<\/span><br \/>\n&nbsp;<\/p>\n<h3><a href=\"https:\/\/institutoalmenara.org\/portada\/?s=Latorre+G%C3%A1lvez\"><em><strong>Ilustraciones del autor en art\u00edculos de esta web &gt;&gt;<\/strong><\/em><\/a><\/h3>\n<h3><a href=\"https:\/\/institutoalmenara.org\/portada\/ilustraciones-y-dibujos-de-juan-eduardo-latorre-gelvez\/\"><em><strong>Galer\u00eda de ilustraciones del autor &gt;&gt;<\/strong><\/em><\/a><\/h3>\n","protected":false},"excerpt":{"rendered":"<p>\u00a0Rese\u00f1a biogr\u00e1fica Nac\u00ed en Ja\u00e9n, en la calle Rep\u00fablica Argentina. Aunque siempre fui un tanto solitario, recuerdo muchas horas de mi infancia en la calle, con mis amigos. Horas de libertad. Merodeaba con frecuencia las tapias del cementerio de San Eufrasio. Desde entonces, qued\u00f3 impresa en mi la predilecci\u00f3n por esos lugares tan llenos de [&hellip;]<\/p>\n","protected":false},"author":1,"featured_media":2166,"parent":0,"menu_order":0,"comment_status":"closed","ping_status":"closed","template":"","meta":{"_uag_custom_page_level_css":"","cybocfi_hide_featured_image":"yes","footnotes":""},"class_list":["post-2113","page","type-page","status-publish","has-post-thumbnail","hentry"],"uagb_featured_image_src":{"full":["https:\/\/institutoalmenara.org\/portada\/wp-content\/uploads\/2020\/04\/IMG-20200521-WA0005.jpg",1187,1599,false],"thumbnail":["https:\/\/institutoalmenara.org\/portada\/wp-content\/uploads\/2020\/04\/IMG-20200521-WA0005-150x150.jpg",150,150,true],"medium":["https:\/\/institutoalmenara.org\/portada\/wp-content\/uploads\/2020\/04\/IMG-20200521-WA0005-297x400.jpg",297,400,true],"medium_large":["https:\/\/institutoalmenara.org\/portada\/wp-content\/uploads\/2020\/04\/IMG-20200521-WA0005-768x1035.jpg",768,1035,true],"large":["https:\/\/institutoalmenara.org\/portada\/wp-content\/uploads\/2020\/04\/IMG-20200521-WA0005-760x1024.jpg",760,1024,true],"maxgallery-meta-image-thumb-small":["https:\/\/institutoalmenara.org\/portada\/wp-content\/uploads\/2020\/04\/IMG-20200521-WA0005-100x100.jpg",100,100,true],"maxgallery-meta-image-thumb-medium":["https:\/\/institutoalmenara.org\/portada\/wp-content\/uploads\/2020\/04\/IMG-20200521-WA0005-150x150.jpg",150,150,true],"maxgallery-meta-image-thumb-large":["https:\/\/institutoalmenara.org\/portada\/wp-content\/uploads\/2020\/04\/IMG-20200521-WA0005-200x200.jpg",200,200,true],"maxgallery-meta-video-thumb-small":["https:\/\/institutoalmenara.org\/portada\/wp-content\/uploads\/2020\/04\/IMG-20200521-WA0005-150x100.jpg",150,100,true],"maxgallery-meta-video-thumb-medium":["https:\/\/institutoalmenara.org\/portada\/wp-content\/uploads\/2020\/04\/IMG-20200521-WA0005-200x133.jpg",200,133,true],"maxgallery-meta-video-thumb-large":["https:\/\/institutoalmenara.org\/portada\/wp-content\/uploads\/2020\/04\/IMG-20200521-WA0005-250x166.jpg",250,166,true],"1536x1536":["https:\/\/institutoalmenara.org\/portada\/wp-content\/uploads\/2020\/04\/IMG-20200521-WA0005-1140x1536.jpg",1140,1536,true],"2048x2048":["https:\/\/institutoalmenara.org\/portada\/wp-content\/uploads\/2020\/04\/IMG-20200521-WA0005.jpg",1187,1599,false],"post-thumbnail":["https:\/\/institutoalmenara.org\/portada\/wp-content\/uploads\/2020\/04\/IMG-20200521-WA0005-223x300.jpg",223,300,true]},"uagb_author_info":{"display_name":"Instituto Almenara","author_link":"https:\/\/institutoalmenara.org\/portada\/author\/instituto-almenara\/"},"uagb_comment_info":0,"uagb_excerpt":"\u00a0Rese\u00f1a biogr\u00e1fica Nac\u00ed en Ja\u00e9n, en la calle Rep\u00fablica Argentina. Aunque siempre fui un tanto solitario, recuerdo muchas horas de mi infancia en la calle, con mis amigos. Horas de libertad. Merodeaba con frecuencia las tapias del cementerio de San Eufrasio. Desde entonces, qued\u00f3 impresa en mi la predilecci\u00f3n por esos lugares tan llenos de&hellip;","_links":{"self":[{"href":"https:\/\/institutoalmenara.org\/portada\/wp-json\/wp\/v2\/pages\/2113","targetHints":{"allow":["GET"]}}],"collection":[{"href":"https:\/\/institutoalmenara.org\/portada\/wp-json\/wp\/v2\/pages"}],"about":[{"href":"https:\/\/institutoalmenara.org\/portada\/wp-json\/wp\/v2\/types\/page"}],"author":[{"embeddable":true,"href":"https:\/\/institutoalmenara.org\/portada\/wp-json\/wp\/v2\/users\/1"}],"replies":[{"embeddable":true,"href":"https:\/\/institutoalmenara.org\/portada\/wp-json\/wp\/v2\/comments?post=2113"}],"version-history":[{"count":20,"href":"https:\/\/institutoalmenara.org\/portada\/wp-json\/wp\/v2\/pages\/2113\/revisions"}],"predecessor-version":[{"id":2281,"href":"https:\/\/institutoalmenara.org\/portada\/wp-json\/wp\/v2\/pages\/2113\/revisions\/2281"}],"wp:featuredmedia":[{"embeddable":true,"href":"https:\/\/institutoalmenara.org\/portada\/wp-json\/wp\/v2\/media\/2166"}],"wp:attachment":[{"href":"https:\/\/institutoalmenara.org\/portada\/wp-json\/wp\/v2\/media?parent=2113"}],"curies":[{"name":"wp","href":"https:\/\/api.w.org\/{rel}","templated":true}]}}