{"id":2088,"date":"2020-05-19T17:02:17","date_gmt":"2020-05-19T15:02:17","guid":{"rendered":"https:\/\/institutoalmenara.org\/portada\/?page_id=2088"},"modified":"2020-05-19T17:02:17","modified_gmt":"2020-05-19T15:02:17","slug":"aristides-naranjo-garcia","status":"publish","type":"page","link":"https:\/\/institutoalmenara.org\/portada\/aristides-naranjo-garcia\/","title":{"rendered":"Ar\u00edstides Naranjo Garc\u00eda"},"content":{"rendered":"<h2 style=\"text-align: center;\"><strong>Rese\u00f1a<\/strong><\/h2>\n<h5><img loading=\"lazy\" decoding=\"async\" class=\"wp-image-2091 size-medium alignleft\" src=\"https:\/\/institutoalmenara.org\/portada\/wp-content\/uploads\/2020\/04\/4.-Foto-personal-225x400.jpg\" alt=\"Ar\u00edstides Naranjo Garc\u00eda\" width=\"225\" height=\"400\" data-wp-editing=\"1\" srcset=\"https:\/\/institutoalmenara.org\/portada\/wp-content\/uploads\/2020\/04\/4.-Foto-personal-225x400.jpg 225w, https:\/\/institutoalmenara.org\/portada\/wp-content\/uploads\/2020\/04\/4.-Foto-personal-576x1024.jpg 576w, https:\/\/institutoalmenara.org\/portada\/wp-content\/uploads\/2020\/04\/4.-Foto-personal-768x1366.jpg 768w, https:\/\/institutoalmenara.org\/portada\/wp-content\/uploads\/2020\/04\/4.-Foto-personal-864x1536.jpg 864w, https:\/\/institutoalmenara.org\/portada\/wp-content\/uploads\/2020\/04\/4.-Foto-personal.jpg 1400w\" sizes=\"auto, (max-width: 225px) 100vw, 225px\" \/> Soy Ar\u00edstides Naranjo, creador esc\u00e9nico afincado en Madrid desde 2011. Debut\u00e9 profesionalmente como actor en La Habana el 20 de diciembre de 2002. A partir de ah\u00ed, prosegu\u00ed una trayectoria dentro del teatro, la televisi\u00f3n, el cine y la radio, con desarrollo en otros campos del quehacer art\u00edstico como la poes\u00eda, la dramaturgia, la locuci\u00f3n, el doblaje, la docencia y la direcci\u00f3n esc\u00e9nica. C\u00e9lebre Editorial public\u00f3 por primera vez en 2019 \u00abFiebre Vital\u00bb, obra po\u00e9tica nacida en 2009 de profundo calado emocional y l\u00edrico en torno al amor y sus distintas facetas; y que ahora plasmo en escena junto al cantautor manchego Jos\u00e9 Luis Pardo, aportando una nueva visi\u00f3n al libro. Gracias a la intelectual, poeta, amiga; y tambi\u00e9n creadora Roc\u00edo Biedma, espero hacer la representaci\u00f3n de la funci\u00f3n en la menor oportunidad posible en la hermosa ciudad de Ja\u00e9n, con la emoci\u00f3n y expectativa de poder recorrerla por otros sitios de la geograf\u00eda andaluza, espa\u00f1ola e internacional. \u00a1Nos vemos pronto!<\/h5>\n<p>&nbsp;<\/p>\n<h2 style=\"text-align: center;\"><strong>Sinopsis<\/strong><\/h2>\n<h5 style=\"text-align: justify;\">El actor se adentra al escenario de la mano de su poes\u00eda confesando amor a los cuatro vientos, construyendo una ilusi\u00f3n constante tejida entre hebras tiernas, desenfrenadas, er\u00f3ticas. Las distintas facetas del m\u00e1s grande de los sentimientos se plantan en un escenario de ausencias, reencuentros, evocaciones, dudas, certezas. La fiebre es la met\u00e1fora elevando alas al cielo de la pasi\u00f3n. Entonces lo \u00fanico importante es sentir el presente, sin m\u00e1s.<\/h5>\n<p>&nbsp;<\/p>\n<ul id=\"iw-contextMenu2014\" class=\"iw-contextMenu iw-created iw-cm-menu\">\n<li class=\"iw-has-submenu iw-mTrigger\" title=\"\">A\u00f1adir al diccionario de frases\n<div class=\"iw-cm-arrow-right\"><\/div>\n<ul id=\"iw-contextMenu4738\" class=\"iw-contextMenu iw-created iw-cm-menu\">\n<li class=\"iw-mDisable\" title=\"\">No hay listas de palabras para Spanish -&gt; Spanish&#8230;\n<div class=\"iw-mOverlay\"><\/div>\n<\/li>\n<li class=\"t-1\" title=\"\">Crea una nueva lista de palabras<\/li>\n<\/ul>\n<\/li>\n<li class=\"t-1\" title=\"\">Copiar<\/li>\n<\/ul>\n<ul id=\"iw-contextMenu7188\" class=\"iw-contextMenu iw-created iw-cm-menu\">\n<li class=\"iw-has-submenu iw-mTrigger\" title=\"\">A\u00f1adir al diccionario de frases\n<div class=\"iw-cm-arrow-right\"><\/div>\n<ul id=\"iw-contextMenu5844\" class=\"iw-contextMenu iw-created iw-cm-menu\">\n<li class=\"iw-mDisable\" title=\"\">No hay listas de palabras para Spanish -&gt; Spanish&#8230;\n<div class=\"iw-mOverlay\"><\/div>\n<\/li>\n<li class=\"t-2\" title=\"\">Crea una nueva lista de palabras<\/li>\n<\/ul>\n<\/li>\n<li class=\"t-2\" title=\"\">Copiar<\/li>\n<\/ul>\n<ul id=\"iw-contextMenu8645\" class=\"iw-contextMenu iw-created iw-cm-menu\">\n<li class=\"iw-has-submenu iw-mTrigger\" title=\"\">A\u00f1adir al diccionario de frases\n<div class=\"iw-cm-arrow-right\"><\/div>\n<ul id=\"iw-contextMenu1636\" class=\"iw-contextMenu iw-created iw-cm-menu\">\n<li class=\"iw-mDisable\" title=\"\">No hay listas de palabras para Spanish -&gt; Spanish&#8230;\n<div class=\"iw-mOverlay\"><\/div>\n<\/li>\n<li class=\"t-4\" title=\"\">Crea una nueva lista de palabras<\/li>\n<\/ul>\n<\/li>\n<li class=\"t-4\" title=\"\">Copiar<\/li>\n<\/ul>\n<ul id=\"iw-contextMenu6337\" class=\"iw-contextMenu iw-created iw-cm-menu\">\n<li class=\"iw-has-submenu iw-mTrigger\" title=\"\">A\u00f1adir al diccionario de frases\n<div class=\"iw-cm-arrow-right\"><\/div>\n<ul id=\"iw-contextMenu9799\" class=\"iw-contextMenu iw-created iw-cm-menu\">\n<li class=\"iw-mDisable\" title=\"\">No hay listas de palabras para Spanish -&gt; Spanish&#8230;\n<div class=\"iw-mOverlay\"><\/div>\n<\/li>\n<li class=\"t-5\" title=\"\">Crea una nueva lista de palabras<\/li>\n<\/ul>\n<\/li>\n<li class=\"t-5\" title=\"\">Copiar<\/li>\n<\/ul>\n<ul id=\"iw-contextMenu3657\" class=\"iw-contextMenu iw-created iw-cm-menu\">\n<li class=\"iw-has-submenu iw-mTrigger\" title=\"\">A\u00f1adir al diccionario de frases\n<div class=\"iw-cm-arrow-right\"><\/div>\n<ul id=\"iw-contextMenu8841\" class=\"iw-contextMenu iw-created iw-cm-menu\">\n<li class=\"iw-mDisable\" title=\"\">No hay listas de palabras para Spanish -&gt; Spanish&#8230;\n<div class=\"iw-mOverlay\"><\/div>\n<\/li>\n<li class=\"t-6\" title=\"\">Crea una nueva lista de palabras<\/li>\n<\/ul>\n<\/li>\n<li class=\"t-6\" title=\"\">Copiar<\/li>\n<\/ul>\n<ul id=\"iw-contextMenu7760\" class=\"iw-contextMenu iw-created iw-cm-menu\">\n<li class=\"iw-has-submenu iw-mTrigger\" title=\"\">A\u00f1adir al diccionario de frases\n<div class=\"iw-cm-arrow-right\"><\/div>\n<ul id=\"iw-contextMenu4758\" class=\"iw-contextMenu iw-created iw-cm-menu\">\n<li class=\"iw-mDisable\" title=\"\">No hay listas de palabras para Spanish -&gt; Spanish&#8230;\n<div class=\"iw-mOverlay\"><\/div>\n<\/li>\n<li class=\"t-7\" title=\"\">Crea una nueva lista de palabras<\/li>\n<\/ul>\n<\/li>\n<li class=\"t-7\" title=\"\">Copiar<\/li>\n<\/ul>\n<ul id=\"iw-contextMenu6867\" class=\"iw-contextMenu iw-created iw-cm-menu\">\n<li class=\"iw-has-submenu iw-mTrigger\" title=\"\">A\u00f1adir al diccionario de frases\n<div class=\"iw-cm-arrow-right\"><\/div>\n<ul id=\"iw-contextMenu9450\" class=\"iw-contextMenu iw-created iw-cm-menu\">\n<li class=\"iw-mDisable\" title=\"\">No hay listas de palabras para Spanish -&gt; Spanish&#8230;\n<div class=\"iw-mOverlay\"><\/div>\n<\/li>\n<li class=\"t-8\" title=\"\">Crea una nueva lista de palabras<\/li>\n<\/ul>\n<\/li>\n<li class=\"t-8\" title=\"\">Copiar<\/li>\n<\/ul>\n<ul id=\"iw-contextMenu1440\" class=\"iw-contextMenu iw-created iw-cm-menu\">\n<li class=\"iw-has-submenu iw-mTrigger\" title=\"\">A\u00f1adir al diccionario de frases\n<div class=\"iw-cm-arrow-right\"><\/div>\n<ul id=\"iw-contextMenu8375\" class=\"iw-contextMenu iw-created iw-cm-menu\">\n<li class=\"iw-mDisable\" title=\"\">No hay listas de palabras para Spanish -&gt; Spanish&#8230;\n<div class=\"iw-mOverlay\"><\/div>\n<\/li>\n<li class=\"t-9\" title=\"\">Crea una nueva lista de palabras<\/li>\n<\/ul>\n<\/li>\n<li class=\"t-9\" title=\"\">Copiar<\/li>\n<\/ul>\n<ul id=\"iw-contextMenu4194\" class=\"iw-contextMenu iw-created iw-cm-menu\">\n<li class=\"iw-has-submenu iw-mTrigger\" title=\"\">A\u00f1adir al diccionario de frases\n<div class=\"iw-cm-arrow-right\"><\/div>\n<ul id=\"iw-contextMenu9661\" class=\"iw-contextMenu iw-created iw-cm-menu\">\n<li class=\"iw-mDisable\" title=\"\">No hay listas de palabras para Spanish -&gt; Spanish&#8230;\n<div class=\"iw-mOverlay\"><\/div>\n<\/li>\n<li class=\"t-10\" title=\"\">Crea una nueva lista de palabras<\/li>\n<\/ul>\n<\/li>\n<li class=\"t-10\" title=\"\">Copiar<\/li>\n<\/ul>\n","protected":false},"excerpt":{"rendered":"<p>Rese\u00f1a Soy Ar\u00edstides Naranjo, creador esc\u00e9nico afincado en Madrid desde 2011. Debut\u00e9 profesionalmente como actor en La Habana el 20 de diciembre de 2002. A partir de ah\u00ed, prosegu\u00ed una trayectoria dentro del teatro, la televisi\u00f3n, el cine y la radio, con desarrollo en otros campos del quehacer art\u00edstico como la poes\u00eda, la dramaturgia, la [&hellip;]<\/p>\n","protected":false},"author":1,"featured_media":0,"parent":0,"menu_order":0,"comment_status":"closed","ping_status":"closed","template":"","meta":{"_uag_custom_page_level_css":"","cybocfi_hide_featured_image":"","footnotes":""},"class_list":["post-2088","page","type-page","status-publish","hentry"],"uagb_featured_image_src":{"full":false,"thumbnail":false,"medium":false,"medium_large":false,"large":false,"maxgallery-meta-image-thumb-small":false,"maxgallery-meta-image-thumb-medium":false,"maxgallery-meta-image-thumb-large":false,"maxgallery-meta-video-thumb-small":false,"maxgallery-meta-video-thumb-medium":false,"maxgallery-meta-video-thumb-large":false,"1536x1536":false,"2048x2048":false,"post-thumbnail":false},"uagb_author_info":{"display_name":"Instituto Almenara","author_link":"https:\/\/institutoalmenara.org\/portada\/author\/instituto-almenara\/"},"uagb_comment_info":0,"uagb_excerpt":"Rese\u00f1a Soy Ar\u00edstides Naranjo, creador esc\u00e9nico afincado en Madrid desde 2011. Debut\u00e9 profesionalmente como actor en La Habana el 20 de diciembre de 2002. A partir de ah\u00ed, prosegu\u00ed una trayectoria dentro del teatro, la televisi\u00f3n, el cine y la radio, con desarrollo en otros campos del quehacer art\u00edstico como la poes\u00eda, la dramaturgia, la&hellip;","_links":{"self":[{"href":"https:\/\/institutoalmenara.org\/portada\/wp-json\/wp\/v2\/pages\/2088","targetHints":{"allow":["GET"]}}],"collection":[{"href":"https:\/\/institutoalmenara.org\/portada\/wp-json\/wp\/v2\/pages"}],"about":[{"href":"https:\/\/institutoalmenara.org\/portada\/wp-json\/wp\/v2\/types\/page"}],"author":[{"embeddable":true,"href":"https:\/\/institutoalmenara.org\/portada\/wp-json\/wp\/v2\/users\/1"}],"replies":[{"embeddable":true,"href":"https:\/\/institutoalmenara.org\/portada\/wp-json\/wp\/v2\/comments?post=2088"}],"version-history":[{"count":16,"href":"https:\/\/institutoalmenara.org\/portada\/wp-json\/wp\/v2\/pages\/2088\/revisions"}],"predecessor-version":[{"id":2107,"href":"https:\/\/institutoalmenara.org\/portada\/wp-json\/wp\/v2\/pages\/2088\/revisions\/2107"}],"wp:attachment":[{"href":"https:\/\/institutoalmenara.org\/portada\/wp-json\/wp\/v2\/media?parent=2088"}],"curies":[{"name":"wp","href":"https:\/\/api.w.org\/{rel}","templated":true}]}}