{"id":1661,"date":"2020-05-11T22:03:37","date_gmt":"2020-05-11T20:03:37","guid":{"rendered":"https:\/\/institutoalmenara.org\/portada\/?page_id=1661"},"modified":"2020-05-16T16:43:58","modified_gmt":"2020-05-16T14:43:58","slug":"el-arte-fotografico-de-javier-leon-cotarelo","status":"publish","type":"page","link":"https:\/\/institutoalmenara.org\/portada\/fotografia\/el-arte-fotografico-de-javier-leon-cotarelo\/","title":{"rendered":"El arte fotogr\u00e1fico de Javier Le\u00f3n Cotarelo"},"content":{"rendered":"\r\n<h3 class=\"wp-block-heading\"><em><strong><a href=\"https:\/\/institutoalmenara.org\/portada\/manuel-navarro-jaramillo\/\">Manuel Navarro Jaramillo<\/a><\/strong><\/em><\/h3>\r\n\r\n\r\n\r\n<p>El arte fotogr\u00e1fico de <strong><a href=\"https:\/\/institutoalmenara.org\/portada\/fotografia\/javier-leon-cotarelo-fotografo-cv\/\"><em>Javier Le\u00f3n Cotarelo<\/em><\/a>,<\/strong> autor de estas fotograf\u00edas , no tiene medida ni l\u00edmites . Estas tomas , que nacen de la contemplaci\u00f3n y el ensimismamiento del artista , son poes\u00eda de la ciudad que emana de la quietud , la serenidad y de las palabras calladas que vibraron en otros d\u00edas . Voces que no estaban confinadas pero que emergen del esp\u00edritu de la ciudad .<\/p>\r\n\r\n\r\n\r\n<p>Los reflejos imposibles en los suelos p\u00e9treos , han sido captados con l\u00edrica sabidur\u00eda . Los viejos adoquines custodian el reflejo de una ventana de la Catedral en la Calle Almenas: es como si esas antiguas rejas quisieran pasear por esta a\u00f1osa rua; y en la Plaza de Santa Mar\u00eda, despu\u00e9s de la lluvia, se escenifica un brilloso tablero de ajedrez, cuya reina es la Catedral y el rey, el Cerro de Santa Catalina, coronado por la Cruz, que asoma por los tejados del Obispado, formando un juego de colores con el verdor de los pinos, el azul del cielo y las nubes algodonadas. Mientras tanto, las palomas coquetean mir\u00e1ndose en el espejo de los reflejos.\u00a0<\/p>\r\n\r\n\r\n\r\n<p>Estas callejuelas rom\u00e1nticas, empedradas con fina piedra redondeada, son el templo de las tertulias ilustradas acogidas por las antiguas tabernas y tascas del lugar. Por ellas anduvieron y bebieron poetas como Bernardo L\u00f3pez -cuya calle vemos en estas fotos- o pintores como Carmelo Palomino Kaiser, cuyo retrato aparece en la pared de la Calle Arco del Consuelo.<\/p>\r\n\r\n\r\n\r\n<p>La logia de la Catedral Vandelviriana, es testigo mudo del cielo azul-a\u00f1il derramado sobre el cristalino suelo gran\u00edtico, con la fija mirada del Consistorio\u00a0 y adornado por las verdes hierbas soleadas que nacen de entre sillares centenarios que conforman la lonja orientada al Este.<\/p>\r\n\r\n\r\n\r\n<p>En la Plaza De\u00e1n Mazas aparece el antiguo Palacio de los Vilches bajo el cielo ceniciento, con su hermoso soportal, sus arcadas y columnas d\u00f3ricas que se reflejan en el suelo espejado. Acompa\u00f1ado todo el conjunto por magnolios, casta\u00f1os y naranjos; con la presencia impert\u00e9rrita del \u00abMinero\u00bb, del escultor Justino Fl\u00f3rez. Terminando en la Carrera donde la luz del cielo se funde con el suelo gris\u00e1ceo.<\/p>\r\n\r\n\r\n\r\n<p>En definitiva, estas fotograf\u00edas son una eclosi\u00f3n de vida latente, de arte y de colores.\u00a0<\/p>\r\n<p>&nbsp;<\/p>\r\n<p style=\"text-align: center;\"><span style=\"font-size: 24px;\"><a href=\"https:\/\/institutoalmenara.org\/portada\/fotografia\/javier-leon-cotarelo-fotografo-cv\/\"><em><strong>Javier Le\u00f3n Cotarelo. Fot\u00f3grafo. CV<\/strong><\/em><\/a><\/span><\/p>\r\n\r\n\r\n\r\n<p class=\"has-text-align-center\" style=\"text-align: center;\"><div id=\"maxgallery-1664\" class=\"mg-image-tiles borderless\"><p class=\"mg-description\"><a href=\"https:\/\/institutoalmenara.org\/portada\/fotografia\/javier-leon-cotarelo-fotografo-cv\/\"><h1><strong>Javier Le\u00f3n Cotarelo. Fot\u00f3grafo. CV<\/strong><\/h1><\/a><\/p>\t<div class=\"mg-thumbs mg-threecol\">\t\t<ul><li>\t<a class='lightbox-1664' href='https:\/\/institutoalmenara.org\/portada\/wp-content\/uploads\/2020\/05\/JAVIER-LE\u00d3N-COTARELO.jpg'  title='JAVIER LE\u00d3N COTARELO' aria-haspopup='dialog' data-lightbox-gallery='gallery-1664' >\t\t<div class=\"\"><img class=\"mg_lazy\" data-src=\"https:\/\/institutoalmenara.org\/portada\/wp-content\/uploads\/2020\/05\/JAVIER-LE\u00d3N-COTARELO-400x400.jpg\" width=\"400\" height=\"400\" alt=\"JAVIER LE\u00d3N COTARELO\" title=\"JAVIER LE\u00d3N COTARELO\" \/><noscript><img loading=\"lazy\" decoding=\"async\" src=\"https:\/\/institutoalmenara.org\/portada\/wp-content\/uploads\/2020\/05\/JAVIER-LE\u00d3N-COTARELO-400x400.jpg\" width=\"400\" height=\"400\" alt=\"JAVIER LE\u00d3N COTARELO\" \/><\/noscript>\t\t<div class=\"caption-bottom-container\">\t\t\t<p class=\"caption bottom\">JAVIER LE\u00d3N COTARELO<\/p>\t\t<\/div>\t\t<\/div>\t<\/a><\/li><li>\t<a class='lightbox-1664' href='https:\/\/institutoalmenara.org\/portada\/wp-content\/uploads\/2020\/05\/WhatsApp-Image-2020-05-11-at-00.10.59.jpeg'  title='Tablero de Ajedrez en la Plaza de Santa Mar&iacute;a - JAVIER LE&Oacute;N COTARELO' aria-haspopup='dialog' data-lightbox-gallery='gallery-1664' >\t\t<div class=\"\"><img class=\"mg_lazy\" data-src=\"https:\/\/institutoalmenara.org\/portada\/wp-content\/uploads\/2020\/05\/WhatsApp-Image-2020-05-11-at-00.10.59-400x400.jpeg\" width=\"400\" height=\"400\" alt=\"Tablero de Ajedrez en la Plaza de Santa Mar\u00eda - JAVIER LE\u00d3N COTARELO\" title=\"Tablero de Ajedrez en la Plaza de Santa Mar&iacute;a - JAVIER LE&Oacute;N COTARELO\" \/><noscript><img loading=\"lazy\" decoding=\"async\" src=\"https:\/\/institutoalmenara.org\/portada\/wp-content\/uploads\/2020\/05\/WhatsApp-Image-2020-05-11-at-00.10.59-400x400.jpeg\" width=\"400\" height=\"400\" alt=\"Tablero de Ajedrez en la Plaza de Santa Mar\u00eda - JAVIER LE\u00d3N COTARELO\" \/><\/noscript>\t\t<div class=\"caption-bottom-container\">\t\t\t<p class=\"caption bottom\">Tablero de Ajedrez en la Plaza de Santa Mar&iacute;a - JAVIER LE&Oacute;N COTARELO<\/p>\t\t<\/div>\t\t<\/div>\t<\/a><\/li><li>\t<a class='lightbox-1664' href='https:\/\/institutoalmenara.org\/portada\/wp-content\/uploads\/2020\/05\/WhatsApp-Image-2020-05-11-at-00.54.21.jpeg'  title='Despu&eacute;s de la tormenta - JAVIER LE&Oacute;N COTARELO' aria-haspopup='dialog' data-lightbox-gallery='gallery-1664' >\t\t<div class=\"\"><img class=\"mg_lazy\" data-src=\"https:\/\/institutoalmenara.org\/portada\/wp-content\/uploads\/2020\/05\/WhatsApp-Image-2020-05-11-at-00.54.21-400x400.jpeg\" width=\"400\" height=\"400\" alt=\"Despu\u00e9s de la tormenta - JAVIER LE\u00d3N COTARELO\" title=\"Despu&eacute;s de la tormenta - JAVIER LE&Oacute;N COTARELO\" \/><noscript><img loading=\"lazy\" decoding=\"async\" src=\"https:\/\/institutoalmenara.org\/portada\/wp-content\/uploads\/2020\/05\/WhatsApp-Image-2020-05-11-at-00.54.21-400x400.jpeg\" width=\"400\" height=\"400\" alt=\"Despu\u00e9s de la tormenta - JAVIER LE\u00d3N COTARELO\" \/><\/noscript>\t\t<div class=\"caption-bottom-container\">\t\t\t<p class=\"caption bottom\">Despu&eacute;s de la tormenta - JAVIER LE&Oacute;N COTARELO<\/p>\t\t<\/div>\t\t<\/div>\t<\/a><\/li><li>\t<a class='lightbox-1664' href='https:\/\/institutoalmenara.org\/portada\/wp-content\/uploads\/2020\/05\/WhatsApp-Image-2020-05-10-at-10.44.59.jpeg'  title='Reflejo de edificios en La Carrera - JAVIER LE&Oacute;N COTARELO' aria-haspopup='dialog' data-lightbox-gallery='gallery-1664' >\t\t<div class=\"\"><img class=\"mg_lazy\" data-src=\"https:\/\/institutoalmenara.org\/portada\/wp-content\/uploads\/2020\/05\/WhatsApp-Image-2020-05-10-at-10.44.59-400x400.jpeg\" width=\"400\" height=\"400\" alt=\"Reflejo de edificios en La Carrera - JAVIER LE\u00d3N COTARELO\" title=\"Reflejo de edificios en La Carrera - JAVIER LE&Oacute;N COTARELO\" \/><noscript><img loading=\"lazy\" decoding=\"async\" src=\"https:\/\/institutoalmenara.org\/portada\/wp-content\/uploads\/2020\/05\/WhatsApp-Image-2020-05-10-at-10.44.59-400x400.jpeg\" width=\"400\" height=\"400\" alt=\"Reflejo de edificios en La Carrera - JAVIER LE\u00d3N COTARELO\" \/><\/noscript>\t\t<div class=\"caption-bottom-container\">\t\t\t<p class=\"caption bottom\">Reflejo de edificios en La Carrera - JAVIER LE&Oacute;N COTARELO<\/p>\t\t<\/div>\t\t<\/div>\t<\/a><\/li><li>\t<a class='lightbox-1664' href='https:\/\/institutoalmenara.org\/portada\/wp-content\/uploads\/2020\/05\/WhatsApp-Image-2020-05-11-at-00.57.02.jpeg'  title='Palomas en el espejo de la Plaza de Santa Mar&iacute;a - JAVIER LE&Oacute;N COTARELO' aria-haspopup='dialog' data-lightbox-gallery='gallery-1664' >\t\t<div class=\"\"><img class=\"mg_lazy\" data-src=\"https:\/\/institutoalmenara.org\/portada\/wp-content\/uploads\/2020\/05\/WhatsApp-Image-2020-05-11-at-00.57.02-400x400.jpeg\" width=\"400\" height=\"400\" alt=\"Palomas en el espejo de la Plaza de Santa Mar\u00eda - JAVIER LE\u00d3N COTARELO\" title=\"Palomas en el espejo de la Plaza de Santa Mar&iacute;a - JAVIER LE&Oacute;N COTARELO\" \/><noscript><img loading=\"lazy\" decoding=\"async\" src=\"https:\/\/institutoalmenara.org\/portada\/wp-content\/uploads\/2020\/05\/WhatsApp-Image-2020-05-11-at-00.57.02-400x400.jpeg\" width=\"400\" height=\"400\" alt=\"Palomas en el espejo de la Plaza de Santa Mar\u00eda - JAVIER LE\u00d3N COTARELO\" \/><\/noscript>\t\t<div class=\"caption-bottom-container\">\t\t\t<p class=\"caption bottom\">Palomas en el espejo de la Plaza de Santa Mar&iacute;a - JAVIER LE&Oacute;N COTARELO<\/p>\t\t<\/div>\t\t<\/div>\t<\/a><\/li><li>\t<a class='lightbox-1664' href='https:\/\/institutoalmenara.org\/portada\/wp-content\/uploads\/2020\/05\/WhatsApp-Image-2020-05-10-at-11.00.38.jpeg'  title='Plaza Dean Mazas - JAVIER LE&Oacute;N COTARELO' aria-haspopup='dialog' data-lightbox-gallery='gallery-1664' >\t\t<div class=\"\"><img class=\"mg_lazy\" data-src=\"https:\/\/institutoalmenara.org\/portada\/wp-content\/uploads\/2020\/05\/WhatsApp-Image-2020-05-10-at-11.00.38-400x400.jpeg\" width=\"400\" height=\"400\" alt=\"Plaza Dean Mazas - JAVIER LE\u00d3N COTARELO\" title=\"Plaza Dean Mazas - JAVIER LE&Oacute;N COTARELO\" \/><noscript><img loading=\"lazy\" decoding=\"async\" src=\"https:\/\/institutoalmenara.org\/portada\/wp-content\/uploads\/2020\/05\/WhatsApp-Image-2020-05-10-at-11.00.38-400x400.jpeg\" width=\"400\" height=\"400\" alt=\"Plaza Dean Mazas - JAVIER LE\u00d3N COTARELO\" \/><\/noscript>\t\t<div class=\"caption-bottom-container\">\t\t\t<p class=\"caption bottom\">Plaza Dean Mazas - JAVIER LE&Oacute;N COTARELO<\/p>\t\t<\/div>\t\t<\/div>\t<\/a><\/li><li>\t<a class='lightbox-1664' href='https:\/\/institutoalmenara.org\/portada\/wp-content\/uploads\/2020\/05\/WhatsApp-Image-2020-05-10-at-10.26.49.jpeg'  title='Calle Carrera de Jes&uacute;s despu&eacute;s de la tormenta - JAVIER LE&Oacute;N COTARELO' aria-haspopup='dialog' data-lightbox-gallery='gallery-1664' >\t\t<div class=\"\"><img class=\"mg_lazy\" data-src=\"https:\/\/institutoalmenara.org\/portada\/wp-content\/uploads\/2020\/05\/WhatsApp-Image-2020-05-10-at-10.26.49-400x400.jpeg\" width=\"400\" height=\"400\" alt=\"Calle Carrera de Jes\u00fas despu\u00e9s de la tormenta - JAVIER LE\u00d3N COTARELO\" title=\"Calle Carrera de Jes&uacute;s despu&eacute;s de la tormenta - JAVIER LE&Oacute;N COTARELO\" \/><noscript><img loading=\"lazy\" decoding=\"async\" src=\"https:\/\/institutoalmenara.org\/portada\/wp-content\/uploads\/2020\/05\/WhatsApp-Image-2020-05-10-at-10.26.49-400x400.jpeg\" width=\"400\" height=\"400\" alt=\"Calle Carrera de Jes\u00fas despu\u00e9s de la tormenta - JAVIER LE\u00d3N COTARELO\" \/><\/noscript>\t\t<div class=\"caption-bottom-container\">\t\t\t<p class=\"caption bottom\">Calle Carrera de Jes&uacute;s despu&eacute;s de la tormenta - JAVIER LE&Oacute;N COTARELO<\/p>\t\t<\/div>\t\t<\/div>\t<\/a><\/li><li>\t<a class='lightbox-1664' href='https:\/\/institutoalmenara.org\/portada\/wp-content\/uploads\/2020\/05\/WhatsApp-Image-2020-05-10-at-10.12.20.jpeg'  title='Taberna el Gorri&oacute;n, Calle Arco del Consuelo - JAVIER LE&Oacute;N COTARELO' aria-haspopup='dialog' data-lightbox-gallery='gallery-1664' >\t\t<div class=\"\"><img class=\"mg_lazy\" data-src=\"https:\/\/institutoalmenara.org\/portada\/wp-content\/uploads\/2020\/05\/WhatsApp-Image-2020-05-10-at-10.12.20-400x400.jpeg\" width=\"400\" height=\"400\" alt=\"Taberna el Gorri\u00f3n, Calle Arco del Consuelo - JAVIER LE\u00d3N COTARELO\" title=\"Taberna el Gorri&oacute;n, Calle Arco del Consuelo - JAVIER LE&Oacute;N COTARELO\" \/><noscript><img loading=\"lazy\" decoding=\"async\" src=\"https:\/\/institutoalmenara.org\/portada\/wp-content\/uploads\/2020\/05\/WhatsApp-Image-2020-05-10-at-10.12.20-400x400.jpeg\" width=\"400\" height=\"400\" alt=\"Taberna el Gorri\u00f3n, Calle Arco del Consuelo - JAVIER LE\u00d3N COTARELO\" \/><\/noscript>\t\t<div class=\"caption-bottom-container\">\t\t\t<p class=\"caption bottom\">Taberna el Gorri&oacute;n, Calle Arco del Consuelo - JAVIER LE&Oacute;N COTARELO<\/p>\t\t<\/div>\t\t<\/div>\t<\/a><\/li><li>\t<a class='lightbox-1664' href='https:\/\/institutoalmenara.org\/portada\/wp-content\/uploads\/2020\/05\/WhatsApp-Image-2020-05-10-at-10.09.20.jpeg'  title='Calle Bernardo L&oacute;pez - JAVIER LE&Oacute;N COTARELO' aria-haspopup='dialog' data-lightbox-gallery='gallery-1664' >\t\t<div class=\"\"><img class=\"mg_lazy\" data-src=\"https:\/\/institutoalmenara.org\/portada\/wp-content\/uploads\/2020\/05\/WhatsApp-Image-2020-05-10-at-10.09.20-400x400.jpeg\" width=\"400\" height=\"400\" alt=\"Calle Bernardo L\u00f3pez - JAVIER LE\u00d3N COTARELO\" title=\"Calle Bernardo L&oacute;pez - JAVIER LE&Oacute;N COTARELO\" \/><noscript><img loading=\"lazy\" decoding=\"async\" src=\"https:\/\/institutoalmenara.org\/portada\/wp-content\/uploads\/2020\/05\/WhatsApp-Image-2020-05-10-at-10.09.20-400x400.jpeg\" width=\"400\" height=\"400\" alt=\"Calle Bernardo L\u00f3pez - JAVIER LE\u00d3N COTARELO\" \/><\/noscript>\t\t<div class=\"caption-bottom-container\">\t\t\t<p class=\"caption bottom\">Calle Bernardo L&oacute;pez - JAVIER LE&Oacute;N COTARELO<\/p>\t\t<\/div>\t\t<\/div>\t<\/a><\/li><li>\t<a class='lightbox-1664' href='https:\/\/institutoalmenara.org\/portada\/wp-content\/uploads\/2020\/05\/WhatsApp-Image-2020-05-10-at-10.38.17.jpeg'  title='El ojo de la Calle Almenas - JAVIER LE&Oacute;N COTARELO' aria-haspopup='dialog' data-lightbox-gallery='gallery-1664' >\t\t<div class=\"\"><img class=\"mg_lazy\" data-src=\"https:\/\/institutoalmenara.org\/portada\/wp-content\/uploads\/2020\/05\/WhatsApp-Image-2020-05-10-at-10.38.17-400x400.jpeg\" width=\"400\" height=\"400\" alt=\"El ojo de la Calle Almenas - JAVIER LE\u00d3N COTARELO\" title=\"El ojo de la Calle Almenas - JAVIER LE&Oacute;N COTARELO\" \/><noscript><img loading=\"lazy\" decoding=\"async\" src=\"https:\/\/institutoalmenara.org\/portada\/wp-content\/uploads\/2020\/05\/WhatsApp-Image-2020-05-10-at-10.38.17-400x400.jpeg\" width=\"400\" height=\"400\" alt=\"El ojo de la Calle Almenas - JAVIER LE\u00d3N COTARELO\" \/><\/noscript>\t\t<div class=\"caption-bottom-container\">\t\t\t<p class=\"caption bottom\">El ojo de la Calle Almenas - JAVIER LE&Oacute;N COTARELO<\/p>\t\t<\/div>\t\t<\/div>\t<\/a><\/li><li>\t<a class='lightbox-1664' href='https:\/\/institutoalmenara.org\/portada\/wp-content\/uploads\/2020\/05\/WhatsApp-Image-2020-05-10-at-10.13.51.jpeg'  title='En el recuerdo, Palomino Kaiser, en la Calle Arco del Consuelo - JAVIER LE&Oacute;N COTARELO' aria-haspopup='dialog' data-lightbox-gallery='gallery-1664' >\t\t<div class=\"\"><img class=\"mg_lazy\" data-src=\"https:\/\/institutoalmenara.org\/portada\/wp-content\/uploads\/2020\/05\/WhatsApp-Image-2020-05-10-at-10.13.51-400x400.jpeg\" width=\"400\" height=\"400\" alt=\"En el recuerdo, Palomino Kaiser, en la Calle Arco del Consuelo - JAVIER LE\u00d3N COTARELO\" title=\"En el recuerdo, Palomino Kaiser, en la Calle Arco del Consuelo - JAVIER LE&Oacute;N COTARELO\" \/><noscript><img loading=\"lazy\" decoding=\"async\" src=\"https:\/\/institutoalmenara.org\/portada\/wp-content\/uploads\/2020\/05\/WhatsApp-Image-2020-05-10-at-10.13.51-400x400.jpeg\" width=\"400\" height=\"400\" alt=\"En el recuerdo, Palomino Kaiser, en la Calle Arco del Consuelo - JAVIER LE\u00d3N COTARELO\" \/><\/noscript>\t\t<div class=\"caption-bottom-container\">\t\t\t<p class=\"caption bottom\">En el recuerdo, Palomino Kaiser, en la Calle Arco del Consuelo - JAVIER LE&Oacute;N COTARELO<\/p>\t\t<\/div>\t\t<\/div>\t<\/a><\/li>\t\t<\/ul>\t\t<div class=\"clear\"><\/div>\t<\/div>\t<span style=\"display: none;\" class=\"hidden-image-tiles-gallery-id\">1664<\/span>\t<span style=\"display: none;\" class=\"hidden-lightbox-skin\"><\/span>\t<span style=\"display: none;\" class=\"hidden-lightbox-effect\"><\/span>\t<span style=\"display: none;\" class=\"hidden-lightbox-kb-nav\">false<\/span>\t<span style=\"display: none;\" class=\"hidden-lightbox-img-click-close\">false<\/span>\t<span style=\"display: none;\" class=\"hidden-lightbox-ol-click-close\">false<\/span>\t<span style=\"display: none;\" class=\"hidden-lightbox-close-tip-text\"><\/span>\t<span style=\"display: none;\" class=\"hidden-lightbox-next-tip-text\"><\/span>\t<span style=\"display: none;\" class=\"hidden-lightbox-prev-tip-text\"><\/span>\t<span style=\"display: none;\" class=\"hidden-lightbox-error-tip-text\"><\/span><\/div><script>\ndocument.addEventListener(\"DOMContentLoaded\", function(event) { \njQuery(\"img.mg_lazy\").lazyload({threshold : 1});\n});\n<\/script>\n<div style='clear:both'><\/div><div class='mg-pagination'><\/div><\/p>\r\n<p><a href=\"https:\/\/institutoalmenara.org\/portada\/fotografia\/javier-leon-cotarelo-fotografo-cv\/\"><em><strong>\u00a0<\/strong><\/em><\/a><\/p>\r\n\r\n<ul id=\"iw-contextMenu8733\" class=\"iw-contextMenu iw-created iw-cm-menu\">\r\n<li class=\"iw-has-submenu iw-mTrigger\" title=\"\">A\u00f1adir al diccionario de frases\r\n<div class=\"iw-cm-arrow-right\">\u00a0<\/div>\r\n<ul id=\"iw-contextMenu3787\" class=\"iw-contextMenu iw-created iw-cm-menu\">\r\n<li class=\"iw-mDisable\" title=\"\">No hay listas de palabras para Galician -&gt; Spanish&#8230;\r\n<div class=\"iw-mOverlay\">\u00a0<\/div>\r\n<\/li>\r\n<li class=\"t-2\" title=\"\">Crea una nueva lista de palabras<\/li>\r\n<\/ul>\r\n<\/li>\r\n<li class=\"t-2\" title=\"\">Copiar<\/li>\r\n<\/ul>","protected":false},"excerpt":{"rendered":"<p>Manuel Navarro Jaramillo El arte fotogr\u00e1fico de Javier Le\u00f3n Cotarelo, autor de estas fotograf\u00edas , no tiene medida ni l\u00edmites . Estas tomas , que nacen de la contemplaci\u00f3n y el ensimismamiento del artista , son poes\u00eda de la ciudad que emana de la quietud , la serenidad y de las palabras calladas que vibraron [&hellip;]<\/p>\n","protected":false},"author":1,"featured_media":1676,"parent":1712,"menu_order":0,"comment_status":"closed","ping_status":"closed","template":"","meta":{"_uag_custom_page_level_css":"","cybocfi_hide_featured_image":"yes","footnotes":""},"class_list":["post-1661","page","type-page","status-publish","has-post-thumbnail","hentry"],"uagb_featured_image_src":{"full":["https:\/\/institutoalmenara.org\/portada\/wp-content\/uploads\/2020\/05\/JAVIER-LE\u00d3N-COTARELO.jpg",2000,1500,false],"thumbnail":["https:\/\/institutoalmenara.org\/portada\/wp-content\/uploads\/2020\/05\/JAVIER-LE\u00d3N-COTARELO-150x150.jpg",150,150,true],"medium":["https:\/\/institutoalmenara.org\/portada\/wp-content\/uploads\/2020\/05\/JAVIER-LE\u00d3N-COTARELO-300x225.jpg",300,225,true],"medium_large":["https:\/\/institutoalmenara.org\/portada\/wp-content\/uploads\/2020\/05\/JAVIER-LE\u00d3N-COTARELO-768x576.jpg",760,570,true],"large":["https:\/\/institutoalmenara.org\/portada\/wp-content\/uploads\/2020\/05\/JAVIER-LE\u00d3N-COTARELO-1024x768.jpg",760,570,true],"maxgallery-meta-image-thumb-small":["https:\/\/institutoalmenara.org\/portada\/wp-content\/uploads\/2020\/05\/JAVIER-LE\u00d3N-COTARELO-100x100.jpg",100,100,true],"maxgallery-meta-image-thumb-medium":["https:\/\/institutoalmenara.org\/portada\/wp-content\/uploads\/2020\/05\/JAVIER-LE\u00d3N-COTARELO-150x150.jpg",150,150,true],"maxgallery-meta-image-thumb-large":["https:\/\/institutoalmenara.org\/portada\/wp-content\/uploads\/2020\/05\/JAVIER-LE\u00d3N-COTARELO-200x200.jpg",200,200,true],"maxgallery-meta-video-thumb-small":["https:\/\/institutoalmenara.org\/portada\/wp-content\/uploads\/2020\/05\/JAVIER-LE\u00d3N-COTARELO-150x100.jpg",150,100,true],"maxgallery-meta-video-thumb-medium":["https:\/\/institutoalmenara.org\/portada\/wp-content\/uploads\/2020\/05\/JAVIER-LE\u00d3N-COTARELO-200x133.jpg",200,133,true],"maxgallery-meta-video-thumb-large":["https:\/\/institutoalmenara.org\/portada\/wp-content\/uploads\/2020\/05\/JAVIER-LE\u00d3N-COTARELO-250x166.jpg",250,166,true],"1536x1536":["https:\/\/institutoalmenara.org\/portada\/wp-content\/uploads\/2020\/05\/JAVIER-LE\u00d3N-COTARELO-1536x1152.jpg",1536,1152,true],"2048x2048":["https:\/\/institutoalmenara.org\/portada\/wp-content\/uploads\/2020\/05\/JAVIER-LE\u00d3N-COTARELO.jpg",2000,1500,false],"post-thumbnail":["https:\/\/institutoalmenara.org\/portada\/wp-content\/uploads\/2020\/05\/JAVIER-LE\u00d3N-COTARELO-300x225.jpg",300,225,true]},"uagb_author_info":{"display_name":"Instituto Almenara","author_link":"https:\/\/institutoalmenara.org\/portada\/author\/instituto-almenara\/"},"uagb_comment_info":0,"uagb_excerpt":"Manuel Navarro Jaramillo El arte fotogr\u00e1fico de Javier Le\u00f3n Cotarelo, autor de estas fotograf\u00edas , no tiene medida ni l\u00edmites . Estas tomas , que nacen de la contemplaci\u00f3n y el ensimismamiento del artista , son poes\u00eda de la ciudad que emana de la quietud , la serenidad y de las palabras calladas que vibraron&hellip;","_links":{"self":[{"href":"https:\/\/institutoalmenara.org\/portada\/wp-json\/wp\/v2\/pages\/1661","targetHints":{"allow":["GET"]}}],"collection":[{"href":"https:\/\/institutoalmenara.org\/portada\/wp-json\/wp\/v2\/pages"}],"about":[{"href":"https:\/\/institutoalmenara.org\/portada\/wp-json\/wp\/v2\/types\/page"}],"author":[{"embeddable":true,"href":"https:\/\/institutoalmenara.org\/portada\/wp-json\/wp\/v2\/users\/1"}],"replies":[{"embeddable":true,"href":"https:\/\/institutoalmenara.org\/portada\/wp-json\/wp\/v2\/comments?post=1661"}],"version-history":[{"count":9,"href":"https:\/\/institutoalmenara.org\/portada\/wp-json\/wp\/v2\/pages\/1661\/revisions"}],"predecessor-version":[{"id":1956,"href":"https:\/\/institutoalmenara.org\/portada\/wp-json\/wp\/v2\/pages\/1661\/revisions\/1956"}],"up":[{"embeddable":true,"href":"https:\/\/institutoalmenara.org\/portada\/wp-json\/wp\/v2\/pages\/1712"}],"wp:featuredmedia":[{"embeddable":true,"href":"https:\/\/institutoalmenara.org\/portada\/wp-json\/wp\/v2\/media\/1676"}],"wp:attachment":[{"href":"https:\/\/institutoalmenara.org\/portada\/wp-json\/wp\/v2\/media?parent=1661"}],"curies":[{"name":"wp","href":"https:\/\/api.w.org\/{rel}","templated":true}]}}