{"id":1578,"date":"2020-05-07T21:37:16","date_gmt":"2020-05-07T19:37:16","guid":{"rendered":"https:\/\/institutoalmenara.org\/portada\/?page_id=1578"},"modified":"2020-05-14T18:49:08","modified_gmt":"2020-05-14T16:49:08","slug":"manuel-ochando-ortiz-muhammad","status":"publish","type":"page","link":"https:\/\/institutoalmenara.org\/portada\/manuel-ochando-ortiz-muhammad\/","title":{"rendered":"Manuel Ochando Ortiz (Muh\u00e2mmad)"},"content":{"rendered":"\n<figure class=\"wp-block-image size-large\"><img loading=\"lazy\" decoding=\"async\" width=\"1024\" height=\"735\" src=\"https:\/\/institutoalmenara.org\/portada\/wp-content\/uploads\/2020\/05\/MANUEL-OCHANDO-ORTIZ02-1024x735.jpg\" alt=\"Manuel Ochando Ortiz\" class=\"wp-image-1579\" srcset=\"https:\/\/institutoalmenara.org\/portada\/wp-content\/uploads\/2020\/05\/MANUEL-OCHANDO-ORTIZ02-1024x735.jpg 1024w, https:\/\/institutoalmenara.org\/portada\/wp-content\/uploads\/2020\/05\/MANUEL-OCHANDO-ORTIZ02-300x215.jpg 300w, https:\/\/institutoalmenara.org\/portada\/wp-content\/uploads\/2020\/05\/MANUEL-OCHANDO-ORTIZ02-768x551.jpg 768w, https:\/\/institutoalmenara.org\/portada\/wp-content\/uploads\/2020\/05\/MANUEL-OCHANDO-ORTIZ02-1536x1102.jpg 1536w, https:\/\/institutoalmenara.org\/portada\/wp-content\/uploads\/2020\/05\/MANUEL-OCHANDO-ORTIZ02-2048x1469.jpg 2048w\" sizes=\"auto, (max-width: 1024px) 100vw, 1024px\" \/><figcaption><strong>Manuel Ochando Ortiz (Muh\u00e2mmad)<\/strong><\/figcaption><\/figure>\n\n\n\n<h2 class=\"wp-block-heading\"><strong>Rese\u00f1a biogr\u00e1fica<\/strong><\/h2>\n\n\n\n<p class=\"has-medium-font-size\"><strong>Manuel Ochando Ortiz (Muh\u00e2mmad)<\/strong>, nace en Ja\u00e9n el 21 de Marzo del 1947. Estudia en la Universidad Laboral de Sevilla delineaci\u00f3n industrial. Por motivos de trabajo emigra a Catalu\u00f1a, Francia, Suiza y finalmente a Valladolid. Tambi\u00e9n hace pr\u00e1cticas de cooperativismo en Mondrag\u00f3n (Pa\u00eds Vasco). Este periplo migratorio despierta en \u00e9l la conciencia de su ser Andaluz. Finalmente a partir de Noviembre de 1977 se traslada a Martos donde durante casi tres d\u00e9cadas trabajar\u00e1 en la multinacional Valeo como Delineante Proyectista.<\/p>\n\n\n\n<p class=\"has-medium-font-size\">En Abril de 1993, a sugerencia suya, se crea y dirige la revista <em><strong>\u201cFaro 2000\u201d<\/strong><\/em>, y posteriormente <em><strong>El Qandil de Andaluc\u00eda.<\/strong><\/em> El a\u00f1o 1996 ingresa en el Centro de Estudios Hist\u00f3ricos de Andaluc\u00eda CEHA. A partir de 2001 publica los poemarios:<em><strong> <a href=\"https:\/\/institutoalmenara.org\/portada\/amor-desamor-y-qabilaciones\/\">\u201cAmor Desamor y Qabilaciones\u201d<\/a>.<\/strong><\/em><strong> <a href=\"https:\/\/institutoalmenara.org\/portada\/asi-era-martos\/\">\u201cAS\u00cd ERA MARTOS\u201d. Sus gentes, Urbanismo e Idiosincrasia.<\/a> <\/strong>\u00c9ste con otros coautores.<\/p>\n\n\n\n<p class=\"has-medium-font-size\">En Enero de 2003 ve la luz su obra <strong><a href=\"https:\/\/institutoalmenara.org\/portada\/la-postguerra-que-sufrimos-poemas\/\">\u201cLa Postguerra que sufrimos\u201d<\/a><\/strong>. En Julio del 2006, en colaboraci\u00f3n con la poetisa argentina <a href=\"https:\/\/institutoalmenara.org\/portada\/?s=Luc%C3%ADa+Clara+Di+Salvo+Le%C3%B3n\">Luc\u00eda Clara Di Salvo Le\u00f3n<\/a>, publican la obra <strong><a href=\"https:\/\/institutoalmenara.org\/portada\/hielo-y-ceniza-poemas\/\">\u201cHielo y ceniza\u201d<\/a><\/strong>, que va acompa\u00f1ada de un CD musical. Mayo de 2008 es la fecha de su publicaci\u00f3n: <strong><a href=\"https:\/\/institutoalmenara.org\/portada\/alma-poesiacuentos-y-relatos\/\">\u201cAlma, poes\u00eda, cuentos y relatos\u201d<\/a>, <\/strong>con la colaboraci\u00f3n tambi\u00e9n de la poetisa argentina Luc\u00eda Clara Di Salvo Le\u00f3n. Ha colaborado tambi\u00e9n en obras como el <strong>I <a href=\"https:\/\/institutoalmenara.org\/portada\/ii-seminario-del-aceite-en-jaen-el-14-y-15-de-noviembre-2012\/\">Seminario del Aceite en Ja\u00e9n<\/a>, \u201c<a href=\"https:\/\/institutoalmenara.org\/portada\/?s=Blas+Infante\">Blas Infante<\/a> Inexplorado\u201d<\/strong> en el libro <strong>\u201cCronica de Lealtades<strong>\u201d<\/strong>. <\/strong>Apuntes sinceros para Homenajear a <a href=\"https:\/\/institutoalmenara.org\/portada\/?s=Enrique+Iniesta+Coullaut-Valera\">Enrique Iniesta Coullaut-Valera<\/a>\u201d.<\/p>\n\n\n\n<p class=\"has-medium-font-size\">De 2012 a 2020 colabora con aportaciones po\u00e9ticas y literarias en las <strong><a href=\"https:\/\/institutoalmenara.org\/portada\/publicaciones\/ahtah-d-la-hunta-d-ehkritoreh-en-andalu\/\">Actas de la VI-VII-VIII-IX y X Hunta d\u00b4Ehcritor\u00ea en Andal\u00fa<\/a><\/strong><\/p>\n\n\n\n<p class=\"has-medium-font-size\">En el a\u00f1o 2013, con la fundaci\u00f3n de la revista <strong><a href=\"https:\/\/institutoalmenara.org\/portada\/publicaciones\/revista-alandalus\/\">\u201cAl\u00e1ndalus. Revista de Cultura, Sociedad y Ciencia\u201d<\/a>,<\/strong> asume la direcci\u00f3n de la misma. Siendo su Director hasta la actualidad. Ha desarrollado y sigue impartiendo conferencias sobre diversos temas a colectivos, colegios, instituciones e institutos de ense\u00f1anza que se lo han solicitado. Desde 2011 dirige el programa de radio <strong><a href=\"https:\/\/institutoalmenara.org\/portada\/desde-jayyan-uniradio-jaen-programa-de-radio-del-instituto-almenara-para-el-progreso-y-el-desarrollo-de-andalucia-0\/\">\u201cDesde Jayy\u00e1n\u201d<\/a> <\/strong>en la Universidad de Ja\u00e9n. Tambi\u00e9n los programas <strong><a href=\"https:\/\/institutoalmenara.org\/portada\/videos\/programa-guadalquivir-del-instituto-almenara-canal-45tv\/\">\u201cGuadalquivir\u201d<\/a> <\/strong>y<strong> \u201c<a href=\"https:\/\/institutoalmenara.org\/portada\/videos\/programas-escuela-de-salud-del-instituto-almenara-canal-45-tv\/\">Escuela de Salud\u201d<\/a> <\/strong>en Canal 45 TV, desde principios de 2017.<\/p>\n\n\n\n<p class=\"has-medium-font-size\">En 2019 edita <strong><a href=\"https:\/\/institutoalmenara.org\/portada\/esencia-andalusi\/\">\u201cEsencia Andalus\u00ed\u201d<\/a><\/strong> Poemario historicista que va acompa\u00f1ado de un relato de ensayo hist\u00f3rico.<\/p>\n\n\n\n<p class=\"has-medium-font-size\">Actualmente es presidente del <strong><a href=\"https:\/\/institutoalmenara.org\/\">Instituto Almenara para el progreso y el desarrollo de Andaluc\u00eda<\/a><\/strong>. Amante de la naturaleza, en sus frecuentes marchas a las monta\u00f1as serena e inspira su esp\u00edritu.<\/p>\n\n\n\n<h3 class=\"wp-block-heading\"><strong><em><strong><em><a href=\"https:\/\/institutoalmenara.org\/portada\/?s=Manuel+Ochando+Ortiz\">Art\u00edculos y libros sobre el autor en esta web<\/a><\/em><\/strong><\/em><\/strong><\/h3>\n","protected":false},"excerpt":{"rendered":"<p>Rese\u00f1a biogr\u00e1fica Manuel Ochando Ortiz (Muh\u00e2mmad), nace en Ja\u00e9n el 21 de Marzo del 1947. Estudia en la Universidad Laboral de Sevilla delineaci\u00f3n industrial. Por motivos de trabajo emigra a Catalu\u00f1a, Francia, Suiza y finalmente a Valladolid. Tambi\u00e9n hace pr\u00e1cticas de cooperativismo en Mondrag\u00f3n (Pa\u00eds Vasco). Este periplo migratorio despierta en \u00e9l la conciencia de [&hellip;]<\/p>\n","protected":false},"author":1,"featured_media":1579,"parent":0,"menu_order":0,"comment_status":"closed","ping_status":"closed","template":"","meta":{"_uag_custom_page_level_css":"","cybocfi_hide_featured_image":"yes","footnotes":""},"class_list":["post-1578","page","type-page","status-publish","has-post-thumbnail","hentry"],"uagb_featured_image_src":{"full":["https:\/\/institutoalmenara.org\/portada\/wp-content\/uploads\/2020\/05\/MANUEL-OCHANDO-ORTIZ02.jpg",2378,1706,false],"thumbnail":["https:\/\/institutoalmenara.org\/portada\/wp-content\/uploads\/2020\/05\/MANUEL-OCHANDO-ORTIZ02-150x150.jpg",150,150,true],"medium":["https:\/\/institutoalmenara.org\/portada\/wp-content\/uploads\/2020\/05\/MANUEL-OCHANDO-ORTIZ02-300x215.jpg",300,215,true],"medium_large":["https:\/\/institutoalmenara.org\/portada\/wp-content\/uploads\/2020\/05\/MANUEL-OCHANDO-ORTIZ02-768x551.jpg",760,545,true],"large":["https:\/\/institutoalmenara.org\/portada\/wp-content\/uploads\/2020\/05\/MANUEL-OCHANDO-ORTIZ02-1024x735.jpg",760,546,true],"maxgallery-meta-image-thumb-small":["https:\/\/institutoalmenara.org\/portada\/wp-content\/uploads\/2020\/05\/MANUEL-OCHANDO-ORTIZ02-100x100.jpg",100,100,true],"maxgallery-meta-image-thumb-medium":["https:\/\/institutoalmenara.org\/portada\/wp-content\/uploads\/2020\/05\/MANUEL-OCHANDO-ORTIZ02-150x150.jpg",150,150,true],"maxgallery-meta-image-thumb-large":["https:\/\/institutoalmenara.org\/portada\/wp-content\/uploads\/2020\/05\/MANUEL-OCHANDO-ORTIZ02-200x200.jpg",200,200,true],"maxgallery-meta-video-thumb-small":["https:\/\/institutoalmenara.org\/portada\/wp-content\/uploads\/2020\/05\/MANUEL-OCHANDO-ORTIZ02-150x100.jpg",150,100,true],"maxgallery-meta-video-thumb-medium":["https:\/\/institutoalmenara.org\/portada\/wp-content\/uploads\/2020\/05\/MANUEL-OCHANDO-ORTIZ02-200x133.jpg",200,133,true],"maxgallery-meta-video-thumb-large":["https:\/\/institutoalmenara.org\/portada\/wp-content\/uploads\/2020\/05\/MANUEL-OCHANDO-ORTIZ02-250x166.jpg",250,166,true],"1536x1536":["https:\/\/institutoalmenara.org\/portada\/wp-content\/uploads\/2020\/05\/MANUEL-OCHANDO-ORTIZ02-1536x1102.jpg",1536,1102,true],"2048x2048":["https:\/\/institutoalmenara.org\/portada\/wp-content\/uploads\/2020\/05\/MANUEL-OCHANDO-ORTIZ02-2048x1469.jpg",2048,1469,true],"post-thumbnail":["https:\/\/institutoalmenara.org\/portada\/wp-content\/uploads\/2020\/05\/MANUEL-OCHANDO-ORTIZ02-300x215.jpg",300,215,true]},"uagb_author_info":{"display_name":"Instituto Almenara","author_link":"https:\/\/institutoalmenara.org\/portada\/author\/instituto-almenara\/"},"uagb_comment_info":0,"uagb_excerpt":"Rese\u00f1a biogr\u00e1fica Manuel Ochando Ortiz (Muh\u00e2mmad), nace en Ja\u00e9n el 21 de Marzo del 1947. Estudia en la Universidad Laboral de Sevilla delineaci\u00f3n industrial. Por motivos de trabajo emigra a Catalu\u00f1a, Francia, Suiza y finalmente a Valladolid. Tambi\u00e9n hace pr\u00e1cticas de cooperativismo en Mondrag\u00f3n (Pa\u00eds Vasco). Este periplo migratorio despierta en \u00e9l la conciencia de&hellip;","_links":{"self":[{"href":"https:\/\/institutoalmenara.org\/portada\/wp-json\/wp\/v2\/pages\/1578","targetHints":{"allow":["GET"]}}],"collection":[{"href":"https:\/\/institutoalmenara.org\/portada\/wp-json\/wp\/v2\/pages"}],"about":[{"href":"https:\/\/institutoalmenara.org\/portada\/wp-json\/wp\/v2\/types\/page"}],"author":[{"embeddable":true,"href":"https:\/\/institutoalmenara.org\/portada\/wp-json\/wp\/v2\/users\/1"}],"replies":[{"embeddable":true,"href":"https:\/\/institutoalmenara.org\/portada\/wp-json\/wp\/v2\/comments?post=1578"}],"version-history":[{"count":12,"href":"https:\/\/institutoalmenara.org\/portada\/wp-json\/wp\/v2\/pages\/1578\/revisions"}],"predecessor-version":[{"id":1786,"href":"https:\/\/institutoalmenara.org\/portada\/wp-json\/wp\/v2\/pages\/1578\/revisions\/1786"}],"wp:featuredmedia":[{"embeddable":true,"href":"https:\/\/institutoalmenara.org\/portada\/wp-json\/wp\/v2\/media\/1579"}],"wp:attachment":[{"href":"https:\/\/institutoalmenara.org\/portada\/wp-json\/wp\/v2\/media?parent=1578"}],"curies":[{"name":"wp","href":"https:\/\/api.w.org\/{rel}","templated":true}]}}